{"id":102,"date":"2016-02-16T14:43:07","date_gmt":"2016-02-16T14:43:07","guid":{"rendered":"http:\/\/demo.athemes.com\/astrid\/?page_id=102"},"modified":"2021-02-20T20:17:52","modified_gmt":"2021-02-20T20:17:52","slug":"project-4","status":"publish","type":"page","link":"https:\/\/coaching.edu.pl\/?page_id=102","title":{"rendered":"Kurs: Narz\u0119dzia w coachingu \u2013 program dla zaawansowanych"},"content":{"rendered":"<p>Profesjonalny coach, zgodnie z\u00a0jedn\u0105 z\u00a0najcz\u0119\u015bciej wymienianych przez wszelkie stowarzyszenia na \u015bwiecie zasad\u0105, <strong>dba nie tylko o\u00a0rozw\u00f3j swoich klient\u00f3w, ale r\u00f3wnie\u017c i\u00a0o\u00a0rozw\u00f3j siebie samego. <\/strong>Powi\u0119ksza swoje kompetencje, zdobywa nowe umiej\u0119tno\u015bci i\u00a0narz\u0119dzia, uczy si\u0119, rozwija \u2013 co skutkuje nie tylko popraw\u0105 jako\u015bci \u015bwiadczonych przez niego us\u0142ug, ale i\u00a0jego dobrostanu.<\/p>\n<p>Z\u00a0my\u015bl\u0105 o\u00a0takich w\u0142a\u015bnie osobach przygotowali\u015bmy kurs <em>Narz\u0119dzia w\u00a0coachingu: program dla zaawansowanych.<\/em> Sk\u0142ada si\u0119 on z\u00a0pakietu warsztat\u00f3w oraz wsparcia do\u015bwiadczonego mentora \u2013 superwizora, kt\u00f3re dostarczaj\u0105 pe\u0142nej puli mo\u017cliwo\u015bci rozwoju dla siebie i\u00a0dla swoich klient\u00f3w.<\/p>\n<p>Zapraszamy!<\/p>\n<hr \/>\n<h3>Cel kursu<\/h3>\n<p>Celem kursu jest dostarczenie uczestnikom kompetencji i\u00a0umiej\u0119tno\u015bci, kt\u00f3re nie pojawiaj\u0105 si\u0119 w\u00a0podstawowych szkoleniach coach\u00f3w. Dostarczaj\u0105 one zaawansowanych narz\u0119dzi pracy z\u00a0klientami, a\u00a0konkretnie z\u00a0ich strategiami i\u00a0przekonaniami. Poszerzaj\u0105 wiedz\u0119 na temat g\u0142\u0119bszych problem\u00f3w klient\u00f3w coachingu, a\u00a0tak\u017ce naucz\u0105 si\u0119, jak z\u00a0takimi problemami post\u0119powa\u0107. Zwie\u0144czeniem kursu jest dostarczenie ka\u017cdemu spo\u015br\u00f3d uczestnik\u00f3w indywidualnych wskaz\u00f3wek do dalszego rozwoju na \u015bcie\u017cce coacha.<\/p>\n<hr \/>\n<h3>Dla kogo?<\/h3>\n<p><em>Narz\u0119dzia w\u00a0coachingu: program zaawansowany<\/em> to <strong>kurs otwarty<\/strong> adresowany dla wszystkich coach\u00f3w pracuj\u0105cych w\u00a0dowolnym podej\u015bciu, kt\u00f3rzy chc\u0105 wzbogaci\u0107 sw\u00f3j warsztat o\u00a0nowe techniki i\u00a0kompetencje. Z\u00a0kursu skorzystaj\u0105 r\u00f3wnie\u017c uczestnicy i\u00a0absolwenci Studium Coachingu MLC oraz studi\u00f3w podyplomowych Coaching w\u00a0organizacji na Wydziale Psychologii UW.<\/p>\n<hr \/>\n<h3>Elementy kursu<\/h3>\n<p><em>Narz\u0119dzia w\u00a0coachingu: program dla zaawansowanych<\/em> sk\u0142ada si\u0119 z\u00a0czterech element\u00f3w, rozwijaj\u0105cych r\u00f3\u017cne aspekty pracy coacha i\u00a0rozwijaj\u0105ce\u00a0 jego kompetencje.<\/p>\n<p><strong>Warsztat:\u00a0<a href=\"http:\/\/www.coaching.edu.pl\/?page_id=120\"><em>Narz\u0119dzia w\u00a0coachingu: strategie<\/em><\/a><\/strong> dostarcza uczestnikom metod zmiany niepo\u017c\u0105danych, cz\u0119sto automatycznych, niekontrolowanych zachowa\u0144 u\u00a0klient\u00f3w, kt\u00f3rych nie mog\u0105 zmieni\u0107 mimo sporej motywacji i\u00a0ch\u0119ci. <a href=\"http:\/\/www.coaching.edu.pl\/?page_id=120\">\u2192<\/a><\/p>\n<p><strong>Warsztat:<\/strong><a href=\"http:\/\/www.coaching.edu.pl\/?page_id=118\"><em> <strong>Narz\u0119dzia w\u00a0coachingu: metody pracy z\u00a0przekonaniami<\/strong><\/em> <\/a>dostarcza coachom technik pomocy klientom, kiedy sami stawiaj\u0105 na swojej drodze przeszkody w\u00a0postaci ograniczaj\u0105cych przekona\u0144. <a href=\"http:\/\/www.coaching.edu.pl\/?page_id=118\">\u2192<\/a><\/p>\n<p><strong>Szkolenie:\u00a0<a href=\"http:\/\/www.coaching.edu.pl\/?page_id=122\"><em>O\u00a0pograniczu coachingu a\u00a0psychiatrii i\u00a0psychoterapii<\/em><\/a><\/strong> dostarcza coachom wiedzy i\u00a0umiej\u0119tno\u015bci post\u0119powania w\u00a0momencie, kiedy okazuje si\u0119, \u017ce ich klient wydaje si\u0119 mie\u0107 g\u0142\u0119bsze problemy ni\u017c te typowe dla procesu coachingu. Uczy r\u00f3wnie\u017c rozr\u00f3\u017cniania klient\u00f3w coachingu oraz klient\u00f3w psychoterapii, czy wymagaj\u0105cych pomocy psychiatry. <a href=\"http:\/\/www.coaching.edu.pl\/?page_id=122\">\u2192<\/a><\/p>\n<p><strong>Obserwowana sesja coachingu<\/strong> \u2013 ka\u017cdy spo\u015br\u00f3d uczestnik\u00f3w cyklu w\u00a0indywidualnie ustalonym terminie przeprowadza pod sta\u0142\u0105 obserwacj\u0105 mentora \u2013 superwizora z\u00a0naszego zespo\u0142u (<a href=\"http:\/\/www.coaching.edu.pl\/?page_id=92\">dr hab. Miros\u0142awy Huflejt-\u0141ukasik<\/a>) sesj\u0119 coachingu. Sesja taka odbywa\u0107 si\u0119 mo\u017ce z\u00a0realnym klientem zaproszonym przez uczestnika lub \u0107wiczeniowo z\u00a0innym uczestnikiem cyklu. Po sesji udzielane s\u0105 informacje zwrotne i\u00a0wskaz\u00f3wki do dalszego rozwoju na drodze coacha. W\u00a0przypadku sesji z\u00a0realnym klientem, celem zadbania o\u00a0proces i\u00a0relacje z\u00a0klientem, rekomendujemy dostarczenie sesji w\u00a0postaci nagrania. Spotkanie z\u00a0superwizorem \u2013 mentorem odb\u0119dzie si\u0119 w\u00a0tym przypadku na bazie nagrania.<\/p>\n<p>W\u00a0ka\u017cdym ze szkole\u0144 cyklu mo\u017cna uczestniczy\u0107 niezale\u017cnie \u2013 odno\u015bniki do opis\u00f3w poszczeg\u00f3lnych szkole\u0144 wraz z\u00a0cennikiem i\u00a0informacjami organizacyjnymi znajd\u0105 Pa\u0144stwo\u00a0<a href=\"http:\/\/www.coaching.edu.pl\/?page_id=596\">tutaj<\/a>.<\/p>\n<hr \/>\n<h3>Terminy, cena i zapisy<\/h3>\n<p>Terminy:<strong> nowe terminy wkr\u00f3tce<\/strong><\/p>\n<h3>By zg\u0142osi\u0107 si\u0119 na warsztat:<\/h3>\n<ol>\n<li>Pobierz i\u00a0wype\u0142nij <a href=\"https:\/\/coaching.edu.pl\/wp-content\/uploads\/2021\/02\/formularz_zgloszeniowy_narzedzia_w_coachingu_program-dla-zaawansowanych.doc\">formularz zg\u0142oszeniowy<\/a>.<\/li>\n<li>Prze\u015blij formularz na adres biuro@ccinnovation.pl.<\/li>\n<li>Wp\u0142a\u0107 nale\u017cno\u015b\u0107 za kurs w\u00a0jednym z\u00a0wariant\u00f3w w\u00a0odpowiednim terminie.<\/li>\n<\/ol>\n<p>Informujemy, \u017ce posiadamy <strong>wpis do Rejestru Instytucji Szkoleniowych w\u00a0Wojew\u00f3dzkim Urz\u0119dzie Pracy w\u00a0Warszawie o\u00a0numerze 2.14\/00354\/2013,<\/strong> w\u00a0zwi\u0105zku z\u00a0czym osoby zainteresowane wzi\u0119ciem udzia\u0142u w\u00a0szkoleniu mog\u0105 ubiega\u0107 si\u0119 o\u00a0dofinansowanie.<\/p>\n<p>By zapisa\u0107 si\u0119 na szkolenie zapraszamy do kontaktu z\u00a0sekretariatem pod numerem (22) 697 01 38 lub przez e-mail: biuro@ccinnovation.pl. Maksymalna liczba uczestnik\u00f3w: 15.<\/p>\n","protected":false},"excerpt":{"rendered":"<p>Profesjonalny coach, zgodnie z\u00a0jedn\u0105 z\u00a0najcz\u0119\u015bciej wymienianych przez wszelkie stowarzyszenia na \u015bwiecie zasad\u0105, dba nie tylko o\u00a0rozw\u00f3j swoich klient\u00f3w, ale r\u00f3wnie\u017c i\u00a0o\u00a0rozw\u00f3j siebie samego. Powi\u0119ksza swoje kompetencje, zdobywa nowe umiej\u0119tno\u015bci i\u00a0narz\u0119dzia, uczy si\u0119, rozwija \u2013 co skutkuje nie tylko popraw\u0105 jako\u015bci [&hellip;]<\/p>\n","protected":false},"author":1,"featured_media":935,"parent":596,"menu_order":5,"comment_status":"closed","ping_status":"closed","template":"page-templates\/single-project.php","meta":{"footnotes":""},"class_list":["post-102","page","type-page","status-publish","has-post-thumbnail","hentry","clearfix"],"_links":{"self":[{"href":"https:\/\/coaching.edu.pl\/index.php?rest_route=\/wp\/v2\/pages\/102","targetHints":{"allow":["GET"]}}],"collection":[{"href":"https:\/\/coaching.edu.pl\/index.php?rest_route=\/wp\/v2\/pages"}],"about":[{"href":"https:\/\/coaching.edu.pl\/index.php?rest_route=\/wp\/v2\/types\/page"}],"author":[{"embeddable":true,"href":"https:\/\/coaching.edu.pl\/index.php?rest_route=\/wp\/v2\/users\/1"}],"replies":[{"embeddable":true,"href":"https:\/\/coaching.edu.pl\/index.php?rest_route=%2Fwp%2Fv2%2Fcomments&post=102"}],"version-history":[{"count":43,"href":"https:\/\/coaching.edu.pl\/index.php?rest_route=\/wp\/v2\/pages\/102\/revisions"}],"predecessor-version":[{"id":2014,"href":"https:\/\/coaching.edu.pl\/index.php?rest_route=\/wp\/v2\/pages\/102\/revisions\/2014"}],"up":[{"embeddable":true,"href":"https:\/\/coaching.edu.pl\/index.php?rest_route=\/wp\/v2\/pages\/596"}],"wp:featuredmedia":[{"embeddable":true,"href":"https:\/\/coaching.edu.pl\/index.php?rest_route=\/wp\/v2\/media\/935"}],"wp:attachment":[{"href":"https:\/\/coaching.edu.pl\/index.php?rest_route=%2Fwp%2Fv2%2Fmedia&parent=102"}],"curies":[{"name":"wp","href":"https:\/\/api.w.org\/{rel}","templated":true}]}}