{"id":122,"date":"2016-02-16T15:09:41","date_gmt":"2016-02-16T15:09:41","guid":{"rendered":"http:\/\/demo.athemes.com\/astrid\/?page_id=122"},"modified":"2021-02-23T19:32:28","modified_gmt":"2021-02-23T19:32:28","slug":"project-7","status":"publish","type":"page","link":"https:\/\/coaching.edu.pl\/?page_id=122","title":{"rendered":"Warsztat: O&nbsp;pograniczu coachingu a&nbsp;psychiatrii i&nbsp;psychoterapii"},"content":{"rendered":"<p>Przysz\u0142a Baba do lekarza&#8230; a tu coach.<\/p>\n<p>Kiedy klient przychodzi tak naprawd\u0119 po co\u015b innego ni\u017c pomoc coacha \u2013 jak rozpozna\u0107 w czym tkwi problem, w jakiej sytuacji pracowa\u0107, w jakiej nie i w kt\u00f3rym momencie odes\u0142a\u0107 do specjalisty? Pr\u00f3cz wsparcia coach\u00f3w w odpowiedzi na te pytania, szkolenie Kompetencje coacha: Inny wymiar. O pograniczu coachingu a psychiatrii i psychoterapii umo\u017cliwi jego uczestnikom rozpoznanie, jakie trudno\u015bci mog\u0105 si\u0119 pojawi\u0107 w pracy z klientami posiadaj\u0105cymi r\u00f3\u017cnego rodzaju zaburzenia oraz jaka mo\u017ce by\u0107 reakcja coacha.<\/p>\n<hr \/>\n<h3>Cel warsztatu<\/h3>\n<p>Celem warsztatu jest dostarczenie uczestnikom wiedzy na temat psychopatologii oraz mechanizm\u00f3w pojawiaj\u0105cych si\u0119 w trakcie relacji coach \u2013 klient, psychoterapeuta \u2013 klient. Uczestnicy dowiedz\u0105 si\u0119:<\/p>\n<ul>\n<li>Jak rozpozna\u0107, kiedy klient ma wskazania do g\u0142\u0119bszej pracy?<\/li>\n<li>Jak rozr\u00f3\u017cni\u0107 klienta psychoterapeutycznego od klienta coachingu?<\/li>\n<li>Jakie emocje w nas wywo\u0142uj\u0105 konkretne problemy klienta?<\/li>\n<li>Kiedy skierowa\u0107 klienta do zasi\u0119gni\u0119cia pomocy psychoterapeuty lub psychiatry?<\/li>\n<li>Jak rozpozna\u0107, do jakiego specjalisty pokierowa\u0107 klienta (psychoterapeuta, psychiatra)<br \/>\ni jak to zrobi\u0107?<\/li>\n<\/ul>\n<hr \/>\n<h3>Dla kogo?<\/h3>\n<p><em>Kompetencje coacha: Inny wymiar. O pograniczu coachingu a psychiatrii i psychoterapii<\/em> to warsztat skierowany do specjalist\u00f3w zajmuj\u0105cych si\u0119 pomaganiem w rozwi\u0105zywaniu r\u00f3\u017cnego rodzaj\u00f3w problem\u00f3w czy to w pracy czy w \u017cyciu prywatnym. Przeznaczony jest dla coach\u00f3w pracuj\u0105cych w r\u00f3\u017cnych podej\u015bciach, kt\u00f3rzy chc\u0105 wzbogaci\u0107 wiedz\u0119 na temat psychopatologii oraz praktycznego zastosowania jej w swojej pracy. Podczas warsztatu umiej\u0119tno\u015bci swoje rozwin\u0105 r\u00f3wnie\u017c absolwenci Studium Coachingu MLC.<\/p>\n<p>Szkolenie jest elementem cyklu zaawansowanych szkole\u0144 <a href=\"http:\/\/www.coaching.edu.pl\/?page_id=102\"><em>Narz\u0119dzia w coachingu: program dla zaawansowanych<\/em><\/a>, jednak mo\u017cna w nim bra\u0107 udzia\u0142 niezale\u017cnie od pozosta\u0142ych zaj\u0119\u0107.<\/p>\n<hr \/>\n<h3>Ramowy program<\/h3>\n<ol>\n<li>Psychopatologia \u2013 \u201emagiczny\u201d j\u0119zyk fachowc\u00f3w.<\/li>\n<li>Choroba a zaburzenie \u2013 granica mi\u0119dzy psychiatri\u0105 a psychoterapi\u0105.<\/li>\n<li>Objaw i jak b\u0119dzie manifestowa\u0142 si\u0119 w opowie\u015bci klienta.<\/li>\n<li>Rozpoznawanie podstawowych objaw\u00f3w w praktyce.<\/li>\n<li>Rozpoznawanie, jak na nas oddzia\u0142uj\u0105 poszczeg\u00f3lne problemy klienta (w kontek\u015bcie zaburze\u0144 osobowo\u015bci).<\/li>\n<li>Granica, kt\u00f3rej nie powinienem przekroczy\u0107 jako coach.<\/li>\n<\/ol>\n<hr \/>\n<h3>Prowadz\u0105cy:<\/h3>\n<p><img loading=\"lazy\" decoding=\"async\" class=\"alignnone size-thumbnail wp-image-1539\" src=\"http:\/\/serwer1985314.home.pl\/wordpress3\/wp-content\/uploads\/2016\/02\/kwadrowe-zdj\u0119cia-zespolu-Piotr-o-150x150.jpg\" alt=\"\" width=\"150\" height=\"150\" srcset=\"https:\/\/coaching.edu.pl\/wp-content\/uploads\/2016\/02\/kwadrowe-zdj\u0119cia-zespolu-Piotr-o-150x150.jpg 150w, https:\/\/coaching.edu.pl\/wp-content\/uploads\/2016\/02\/kwadrowe-zdj\u0119cia-zespolu-Piotr-o-300x300.jpg 300w, https:\/\/coaching.edu.pl\/wp-content\/uploads\/2016\/02\/kwadrowe-zdj\u0119cia-zespolu-Piotr-o-360x360.jpg 360w, https:\/\/coaching.edu.pl\/wp-content\/uploads\/2016\/02\/kwadrowe-zdj\u0119cia-zespolu-Piotr-o-250x250.jpg 250w, https:\/\/coaching.edu.pl\/wp-content\/uploads\/2016\/02\/kwadrowe-zdj\u0119cia-zespolu-Piotr-o-100x100.jpg 100w, https:\/\/coaching.edu.pl\/wp-content\/uploads\/2016\/02\/kwadrowe-zdj\u0119cia-zespolu-Piotr-o.jpg 500w\" sizes=\"auto, (max-width: 150px) 100vw, 150px\" \/><\/p>\n<h4><strong><a href=\"http:\/\/www.coaching.edu.pl\/?page_id=429\">Piotr Paw\u0142owski<\/a><\/strong><\/h4>\n<hr \/>\n<h3>Termin, cena i zapisy<\/h3>\n<p>Termin:<strong> 13 marca 2021\u00a0 <\/strong><\/p>\n<p>Cena: <strong>900 z\u0142<\/strong><\/p>\n<p><strong>Uwaga \u2013 wykupuj\u0105c wi\u0119cej szkole\u0144 z cyklu <a href=\"http:\/\/www.coaching.edu.pl\/?page_id=102\"><em>Narz\u0119dzia w coachingu \u2013 program dla zaawansowanych<\/em><\/a> p\u0142acisz mniej!<\/strong><\/p>\n<h4>Cena szkolenia zawiera:<\/h4>\n<ul>\n<li>udzia\u0142 w jednodniowym szkoleniu on-line;<\/li>\n<li>materia\u0142y szkoleniowe;<\/li>\n<li>dyplom uko\u0144czenia szkolenia.<\/li>\n<\/ul>\n<p>Informujemy, \u017ce posiadamy <strong>wpis do Rejestru Instytucji Szkoleniowych w Wojew\u00f3dzkim Urz\u0119dzie Pracy w Warszawie o numerze 2.14\/00354\/2013,<\/strong> w zwi\u0105zku z czym osoby zainteresowane wzi\u0119ciem udzia\u0142u w szkoleniu mog\u0105 ubiega\u0107 si\u0119 o dofinansowanie.<\/p>\n<h4>By zg\u0142osi\u0107 si\u0119 na warsztat:<\/h4>\n<ol>\n<li>Pobierz i wype\u0142nij <a href=\"https:\/\/coaching.edu.pl\/wp-content\/uploads\/2021\/02\/formularz_zgloszeniowy_narzedzia_w_coachingu_o-pograniczu.doc\">formularz zg\u0142oszeniowy<\/a>.<\/li>\n<li>Prze\u015blij formularz na adres biuro@ccinnovation.pl.<\/li>\n<li>Wp\u0142a\u0107 nale\u017cno\u015b\u0107 za kurs w jednym z wariant\u00f3w w odpowiednim terminie.<\/li>\n<\/ol>\n","protected":false},"excerpt":{"rendered":"<p>Przysz\u0142a Baba do lekarza&#8230; a tu coach. Kiedy klient przychodzi tak naprawd\u0119 po co\u015b innego ni\u017c pomoc coacha \u2013 jak rozpozna\u0107 w czym tkwi problem, w jakiej sytuacji pracowa\u0107, w jakiej nie i w kt\u00f3rym momencie odes\u0142a\u0107 do specjalisty? Pr\u00f3cz [&hellip;]<\/p>\n","protected":false},"author":1,"featured_media":924,"parent":596,"menu_order":8,"comment_status":"closed","ping_status":"closed","template":"page-templates\/single-project.php","meta":{"footnotes":""},"class_list":["post-122","page","type-page","status-publish","has-post-thumbnail","hentry","clearfix"],"_links":{"self":[{"href":"https:\/\/coaching.edu.pl\/index.php?rest_route=\/wp\/v2\/pages\/122","targetHints":{"allow":["GET"]}}],"collection":[{"href":"https:\/\/coaching.edu.pl\/index.php?rest_route=\/wp\/v2\/pages"}],"about":[{"href":"https:\/\/coaching.edu.pl\/index.php?rest_route=\/wp\/v2\/types\/page"}],"author":[{"embeddable":true,"href":"https:\/\/coaching.edu.pl\/index.php?rest_route=\/wp\/v2\/users\/1"}],"replies":[{"embeddable":true,"href":"https:\/\/coaching.edu.pl\/index.php?rest_route=%2Fwp%2Fv2%2Fcomments&post=122"}],"version-history":[{"count":18,"href":"https:\/\/coaching.edu.pl\/index.php?rest_route=\/wp\/v2\/pages\/122\/revisions"}],"predecessor-version":[{"id":2015,"href":"https:\/\/coaching.edu.pl\/index.php?rest_route=\/wp\/v2\/pages\/122\/revisions\/2015"}],"up":[{"embeddable":true,"href":"https:\/\/coaching.edu.pl\/index.php?rest_route=\/wp\/v2\/pages\/596"}],"wp:featuredmedia":[{"embeddable":true,"href":"https:\/\/coaching.edu.pl\/index.php?rest_route=\/wp\/v2\/media\/924"}],"wp:attachment":[{"href":"https:\/\/coaching.edu.pl\/index.php?rest_route=%2Fwp%2Fv2%2Fmedia&parent=122"}],"curies":[{"name":"wp","href":"https:\/\/api.w.org\/{rel}","templated":true}]}}