{"id":1383,"date":"2017-08-12T18:09:51","date_gmt":"2017-08-12T18:09:51","guid":{"rendered":"https:\/\/econlp.home.pl\/autoinstalator\/wordpress3\/?page_id=1383"},"modified":"2024-01-28T10:09:34","modified_gmt":"2024-01-28T10:09:34","slug":"zapisy","status":"publish","type":"page","link":"https:\/\/coaching.edu.pl\/?page_id=1383","title":{"rendered":"Zapisy"},"content":{"rendered":"<p><img loading=\"lazy\" decoding=\"async\" class=\"aligncenter wp-image-1435 size-full\" src=\"https:\/\/coaching.edu.pl\/wp-content\/uploads\/2017\/08\/rozwoj-coacha-grafiki_zapisy.png\" alt=\"\" width=\"150\" height=\"150\" srcset=\"https:\/\/coaching.edu.pl\/wp-content\/uploads\/2017\/08\/rozwoj-coacha-grafiki_zapisy.png 150w, https:\/\/coaching.edu.pl\/wp-content\/uploads\/2017\/08\/rozwoj-coacha-grafiki_zapisy-100x100.png 100w\" sizes=\"auto, (max-width: 150px) 100vw, 150px\" \/><\/p>\n<hr \/>\n<h3 style=\"text-align: center;\"><strong>[ NAB\u00d3R\u00a0 TRWA ]<\/strong><\/h3>\n<hr \/>\n<p>1. Pobierz i\u00a0wype\u0142nij <a href=\"https:\/\/coaching.edu.pl\/wp-content\/uploads\/2024\/01\/formularz_zgloszeniowy_SCZIG-MLC-2024-1.docx\">formularz zg\u0142oszeniowy<\/a> wraz z\u00a0wymaganymi za\u0142\u0105cznikami (wymienione w\u00a0formularzu).<\/p>\n<p>2. Prze\u015blij formularz na adres kontakt@ccinnovation.pl.<\/p>\n<p>3. Wp\u0142a\u0107 nale\u017cno\u015b\u0107 za kurs w\u00a0jednym z\u00a0dozwolonych wariant\u00f3w w\u00a0odpowiednim terminie (aktualne ceny, terminy i\u00a0sposoby dokonania wp\u0142aty znajduj\u0105 si\u0119 w\u00a0zak\u0142adce Cennik).<\/p>\n<p>4. Potwierdzeniem uczestnictwa w Studium jest dokonanie wp\u0142aty zaliczki w wysoko\u015bci 1000 z\u0142 \/ wp\u0142aty ca\u0142ej nale\u017cno\u015bci lub pierwszej raty w ci\u0105gu 7 dni od daty zg\u0142oszenia.<\/p>\n<p>Dok\u0142adne terminy zaj\u0119\u0107 do znalezienia w\u00a0zak\u0142adce <a href=\"http:\/\/www.coaching.edu.pl\/?page_id=682\">Terminarz<\/a>. Zach\u0119camy do zadawania pyta\u0144.<\/p>\n","protected":false},"excerpt":{"rendered":"<p>[ NAB\u00d3R\u00a0 TRWA ] 1. Pobierz i\u00a0wype\u0142nij formularz zg\u0142oszeniowy wraz z\u00a0wymaganymi za\u0142\u0105cznikami (wymienione w\u00a0formularzu). 2. Prze\u015blij formularz na adres kontakt@ccinnovation.pl. 3. Wp\u0142a\u0107 nale\u017cno\u015b\u0107 za kurs w\u00a0jednym z\u00a0dozwolonych wariant\u00f3w w\u00a0odpowiednim terminie (aktualne ceny, terminy i\u00a0sposoby dokonania wp\u0142aty znajduj\u0105 si\u0119 w\u00a0zak\u0142adce Cennik). [&hellip;]<\/p>\n","protected":false},"author":1,"featured_media":0,"parent":623,"menu_order":7,"comment_status":"closed","ping_status":"closed","template":"","meta":{"footnotes":""},"class_list":["post-1383","page","type-page","status-publish","hentry","clearfix"],"_links":{"self":[{"href":"https:\/\/coaching.edu.pl\/index.php?rest_route=\/wp\/v2\/pages\/1383","targetHints":{"allow":["GET"]}}],"collection":[{"href":"https:\/\/coaching.edu.pl\/index.php?rest_route=\/wp\/v2\/pages"}],"about":[{"href":"https:\/\/coaching.edu.pl\/index.php?rest_route=\/wp\/v2\/types\/page"}],"author":[{"embeddable":true,"href":"https:\/\/coaching.edu.pl\/index.php?rest_route=\/wp\/v2\/users\/1"}],"replies":[{"embeddable":true,"href":"https:\/\/coaching.edu.pl\/index.php?rest_route=%2Fwp%2Fv2%2Fcomments&post=1383"}],"version-history":[{"count":16,"href":"https:\/\/coaching.edu.pl\/index.php?rest_route=\/wp\/v2\/pages\/1383\/revisions"}],"predecessor-version":[{"id":2460,"href":"https:\/\/coaching.edu.pl\/index.php?rest_route=\/wp\/v2\/pages\/1383\/revisions\/2460"}],"up":[{"embeddable":true,"href":"https:\/\/coaching.edu.pl\/index.php?rest_route=\/wp\/v2\/pages\/623"}],"wp:attachment":[{"href":"https:\/\/coaching.edu.pl\/index.php?rest_route=%2Fwp%2Fv2%2Fmedia&parent=1383"}],"curies":[{"name":"wp","href":"https:\/\/api.w.org\/{rel}","templated":true}]}}