{"id":1947,"date":"2020-10-11T21:11:11","date_gmt":"2020-10-11T21:11:11","guid":{"rendered":"https:\/\/coaching.edu.pl\/?page_id=1947"},"modified":"2020-10-11T21:12:47","modified_gmt":"2020-10-11T21:12:47","slug":"1947-2","status":"publish","type":"page","link":"https:\/\/coaching.edu.pl\/?page_id=1947","title":{"rendered":""},"content":{"rendered":"<h3>Monika Kurpiewska<\/h3>\n<h5>Marketing &amp; Communication Manager w ISS Facility Services<\/h5>\n<p>Studium Coachingu tworzy zesp\u00f3\u0142 profesjonalist\u00f3w i pasjonat\u00f3w zawodu, kt\u00f3rzy w przyst\u0119pny i inspiruj\u0105cy spos\u00f3b przekazuj\u0105 wiedz\u0119 na temat technik i procesu coachingowego. O unikatowym charakterze prowadz\u0105cych \u015bwiadczy ich doskona\u0142e przygotowanie merytoryczne i wiedza psychologiczna, w po\u0142\u0105czeniu z do\u015bwiadczeniem w biznesie.<\/p>\n<p><em><!--more--><\/em><\/p>\n<p>Jest to w moim odczuciu bardzo unikatowa kombinacja. Program studium jest bardzo dobrze przemy\u015blany, a po jego uko\u0144czeniu jest si\u0119 dobrze przygotowanym do pracy zar\u00f3wno z klientem indywidualnym, jak r\u00f3wnie\u017c w organizacji.<br \/>\nW Studium Coachingu du\u017cy nacisk k\u0142adzie si\u0119 na kwestie etyczne, praktyk\u0119 oraz wyposa\u017cenie uczestnik\u00f3w w bogaty zestaw technik do pracy.<br \/>\nSpotkania maj\u0105 charakter kameralny, co jest bardzo du\u017cym plusem, poniewa\u017c pozwala na bardzo wydajn\u0105 prac\u0119 w grupie, \u0107wiczenia oraz zostawia przestrze\u0144 do dyskusji. Same<br \/>\nzaj\u0119cia by\u0142y bardzo anga\u017cuj\u0105ce i niezmiernie ciekawe, prowadzone w super atmosferze.<br \/>\nBy\u0142o to dla mnie fantastyczny czas, kt\u00f3ry ko\u0144cz\u0119 z poczuciem nabycia konkretnych kompetencji do pracy w roli coacha.<\/p>\n","protected":false},"excerpt":{"rendered":"<p>Monika Kurpiewska Marketing &amp; Communication Manager w ISS Facility Services Studium Coachingu tworzy zesp\u00f3\u0142 profesjonalist\u00f3w i pasjonat\u00f3w zawodu, kt\u00f3rzy w przyst\u0119pny i inspiruj\u0105cy spos\u00f3b przekazuj\u0105 wiedz\u0119 na temat technik i procesu coachingowego. O unikatowym charakterze prowadz\u0105cych \u015bwiadczy ich doskona\u0142e przygotowanie [&hellip;]<\/p>\n","protected":false},"author":1,"featured_media":0,"parent":827,"menu_order":1,"comment_status":"closed","ping_status":"closed","template":"page-templates\/single-testimonial.php","meta":{"footnotes":""},"class_list":["post-1947","page","type-page","status-publish","hentry","clearfix"],"_links":{"self":[{"href":"https:\/\/coaching.edu.pl\/index.php?rest_route=\/wp\/v2\/pages\/1947","targetHints":{"allow":["GET"]}}],"collection":[{"href":"https:\/\/coaching.edu.pl\/index.php?rest_route=\/wp\/v2\/pages"}],"about":[{"href":"https:\/\/coaching.edu.pl\/index.php?rest_route=\/wp\/v2\/types\/page"}],"author":[{"embeddable":true,"href":"https:\/\/coaching.edu.pl\/index.php?rest_route=\/wp\/v2\/users\/1"}],"replies":[{"embeddable":true,"href":"https:\/\/coaching.edu.pl\/index.php?rest_route=%2Fwp%2Fv2%2Fcomments&post=1947"}],"version-history":[{"count":2,"href":"https:\/\/coaching.edu.pl\/index.php?rest_route=\/wp\/v2\/pages\/1947\/revisions"}],"predecessor-version":[{"id":1949,"href":"https:\/\/coaching.edu.pl\/index.php?rest_route=\/wp\/v2\/pages\/1947\/revisions\/1949"}],"up":[{"embeddable":true,"href":"https:\/\/coaching.edu.pl\/index.php?rest_route=\/wp\/v2\/pages\/827"}],"wp:attachment":[{"href":"https:\/\/coaching.edu.pl\/index.php?rest_route=%2Fwp%2Fv2%2Fmedia&parent=1947"}],"curies":[{"name":"wp","href":"https:\/\/api.w.org\/{rel}","templated":true}]}}