{"id":2680,"date":"2026-04-15T15:49:31","date_gmt":"2026-04-15T15:49:31","guid":{"rendered":"https:\/\/coaching.edu.pl\/?page_id=2680"},"modified":"2026-04-16T18:19:16","modified_gmt":"2026-04-16T18:19:16","slug":"karolina-karolczak","status":"publish","type":"page","link":"https:\/\/coaching.edu.pl\/?page_id=2680","title":{"rendered":"Karolina Karolczak"},"content":{"rendered":"<h4><\/h4>\n<h4>Mentorka skutecznego planowania i realizacji cel\u00f3w | Tw\u00f3rczyni #CELOMANIA<\/h4>\n<p>Mentorka i Coachka MLC specjalizuj\u0105ca si\u0119 w pracy z celami, decyzjami i skutecznym<br \/>\ndzia\u0142aniem. Pomaga ludziom porz\u0105dkowa\u0107 kierunek, podejmowa\u0107 trafne decyzje i<br \/>\nkonsekwentnie przek\u0142ada\u0107 ambicje na realne efekty \u2013 w \u017cyciu zawodowym, osobistym i<br \/>\nbiznesowym.<br \/>\nTw\u00f3rczyni autorskiej metody oraz programu #CELOMANIA, w kt\u00f3rym \u0142\u0105czy strategiczne<br \/>\nmy\u015blenie z praktyk\u0105 wdra\u017cania. W swojej pracy koncentruje si\u0119 nie tylko na wyznaczaniu<br \/>\ncel\u00f3w, ale przede wszystkim na tym, co decyduje o ich realizacji: jasnych priorytetach,<br \/>\nodpowiedzialno\u015bci, pracy z oporem oraz d\u0142ugofalowej konsekwencji.<br \/>\nPracuje z osobami indywidualnymi, zespo\u0142ami oraz liderami, wspieraj\u0105c ich w osi\u0105ganiu<br \/>\nwynik\u00f3w w spos\u00f3b uporz\u0105dkowany i bez przeci\u0105\u017cenia.<br \/>\nJako m\u00f3wczyni wyst\u0119puje na konferencjach i wydarzeniach rozwojowych, inspiruj\u0105c do<br \/>\n\u015bwiadomego i odpowiedzialnego podej\u015bcia do cel\u00f3w oraz decyzji.<br \/>\nLaureatka nagr\u00f3d bran\u017cowych, w tym Kursor\u00f3w Roku 2025 (najlepszy kurs oraz najlepsza<br \/>\nprelekcja) oraz wyr\u00f3\u017cnienia Liderki R\u00f3wno\u015bci 2025.<br \/>\nCz\u0119sto por\u00f3wnywana do Brian Tracy w kontek\u015bcie podej\u015bcia do pracy z celami i<br \/>\nskuteczno\u015bci\u0105 dzia\u0142ania. Pracuje r\u00f3wnie\u017c z osobami publicznymi i liderami biznesu.<br \/>\nSpecjalizuje si\u0119 w:<br \/>\n\u25cf planowaniu i realizacji cel\u00f3w<br \/>\n\u25cf pracy z priorytetami i podejmowaniem decyzji<br \/>\n\u25cf budowaniu konsekwencji i odpowiedzialno\u015bci w dzia\u0142aniu<br \/>\n\u25cf pracy z oporem i utrzymywaniu d\u0142ugofalowej motywacji<br \/>\n\u25cf wspieraniu lider\u00f3w i zespo\u0142\u00f3w w osi\u0105ganiu rezultat\u00f3w bez chaosu i przeci\u0105\u017cenia<\/p>\n","protected":false},"excerpt":{"rendered":"<p>Mentorka skutecznego planowania i realizacji cel\u00f3w | Tw\u00f3rczyni #CELOMANIA Mentorka i Coachka MLC specjalizuj\u0105ca si\u0119 w pracy z celami, decyzjami i skutecznym dzia\u0142aniem. Pomaga ludziom porz\u0105dkowa\u0107 kierunek, podejmowa\u0107 trafne decyzje i konsekwentnie przek\u0142ada\u0107 ambicje na realne efekty \u2013 w \u017cyciu [&hellip;]<\/p>\n","protected":false},"author":1,"featured_media":2687,"parent":502,"menu_order":3,"comment_status":"closed","ping_status":"closed","template":"page-templates\/single-employee.php","meta":{"footnotes":""},"class_list":["post-2680","page","type-page","status-publish","has-post-thumbnail","hentry","clearfix"],"_links":{"self":[{"href":"https:\/\/coaching.edu.pl\/index.php?rest_route=\/wp\/v2\/pages\/2680","targetHints":{"allow":["GET"]}}],"collection":[{"href":"https:\/\/coaching.edu.pl\/index.php?rest_route=\/wp\/v2\/pages"}],"about":[{"href":"https:\/\/coaching.edu.pl\/index.php?rest_route=\/wp\/v2\/types\/page"}],"author":[{"embeddable":true,"href":"https:\/\/coaching.edu.pl\/index.php?rest_route=\/wp\/v2\/users\/1"}],"replies":[{"embeddable":true,"href":"https:\/\/coaching.edu.pl\/index.php?rest_route=%2Fwp%2Fv2%2Fcomments&post=2680"}],"version-history":[{"count":3,"href":"https:\/\/coaching.edu.pl\/index.php?rest_route=\/wp\/v2\/pages\/2680\/revisions"}],"predecessor-version":[{"id":2690,"href":"https:\/\/coaching.edu.pl\/index.php?rest_route=\/wp\/v2\/pages\/2680\/revisions\/2690"}],"up":[{"embeddable":true,"href":"https:\/\/coaching.edu.pl\/index.php?rest_route=\/wp\/v2\/pages\/502"}],"wp:featuredmedia":[{"embeddable":true,"href":"https:\/\/coaching.edu.pl\/index.php?rest_route=\/wp\/v2\/media\/2687"}],"wp:attachment":[{"href":"https:\/\/coaching.edu.pl\/index.php?rest_route=%2Fwp%2Fv2%2Fmedia&parent=2680"}],"curies":[{"name":"wp","href":"https:\/\/api.w.org\/{rel}","templated":true}]}}