{"id":2714,"date":"2026-05-05T11:43:58","date_gmt":"2026-05-05T11:43:58","guid":{"rendered":"https:\/\/coaching.edu.pl\/?page_id=2714"},"modified":"2026-05-12T20:14:47","modified_gmt":"2026-05-12T20:14:47","slug":"narzedzia-hipnozy-w-coachingu","status":"publish","type":"page","link":"https:\/\/coaching.edu.pl\/?page_id=2714","title":{"rendered":"Narz\u0119dzia hipnozy w coachingu"},"content":{"rendered":"<p><span style=\"font-weight: 400;\">Hipnoza jest zjawiskiem owianym wieloma mitami, a jednocze\u015bnie ca\u0142kiem dobrze przebadanym narz\u0119dziem, kt\u00f3re mo\u017ce by\u0107 u\u017cytecznym wsparciem w praktyce coachingowej czy terapeutycznej. Na tym szkoleniu przyjrzymy si\u0119 faktom i mitom na temat hipnozy, specyfik\u0105 stosowania tego narz\u0119dzia w pracy z klientami, jak r\u00f3wnie\u017c temu, jakie czynniki maj\u0105 znaczenie w efektywno\u015bci sesji z wykorzystaniem narz\u0119dzi hipnotycznych. Wska\u017cemy te\u017c aspekty hipnotyczne u\u017cywane w innych narz\u0119dziach, np. wizualizacyjnych i jak potencjalnie mo\u017cemy usprawni\u0107 ich dzia\u0142anie. A przede wszystkim b\u0119dziesz du\u017co korzysta\u0107 z tych narz\u0119dzi, praktykuj\u0105c je pod nadzorem i ucz\u0105c si\u0119 ich specyfiki. Oczekuj konkretnego, praktycznego i skupionego na narz\u0119dziach warsztatu.<\/span><\/p>\n<p>&nbsp;<\/p>\n<h3><strong>Jak skorzystasz:<\/strong><\/h3>\n<p><span style=\"font-weight: 400;\">&#8211; zrozumiesz istot\u0119 hipnozy i zastosowania oraz ograniczenia narz\u0119dzi hipnotycznych w pracy coachingowej,<\/span><\/p>\n<p><span style=\"font-weight: 400;\">&#8211; opanujesz i prze\u0107wiczysz podstawowe kompetencje w zakresie stosowania hipnozy dyrektywnej, jak i niedyrektywnej.<\/span><\/p>\n<p><span style=\"font-weight: 400;\">&#8211; nauczysz si\u0119 wzbogaca\u0107 stosowane techniki wizualizacji przez lepsze wykorzystanie ich hipnotycznych aspekt\u00f3w.<\/span><\/p>\n<p>&nbsp;<\/p>\n<h3><strong>Dla kogo?<\/strong><\/h3>\n<p><span style=\"font-weight: 400;\">Osoby maj\u0105ce wypracowane podstawowe kompetencje coachingowe. Aktywna praktyka coachingowa b\u0119dzie pomocna, ale nie jest wymagana do udzia\u0142u w warsztacie.\u00a0<\/span><\/p>\n<p>&nbsp;<\/p>\n<h3><strong>Ramowy program warsztatu<\/strong><\/h3>\n<ol>\n<li><span style=\"font-weight: 400;\"> Hipnoza: fakty i mity<\/span><\/li>\n<li><span style=\"font-weight: 400;\"> Klienci do hipnozy \u2013 czego oczekiwa\u0107, na co uwa\u017ca\u0107?<\/span><\/li>\n<li><span style=\"font-weight: 400;\"> Hipnoza sceniczna, hipnoza dyrektywna, hipnoza niedyrektywna, hipnoza bez transu \u2013 klasyczne typy hipnozy. Mechanizmy dzia\u0142ania hipnozy, czego oczekiwa\u0107, co raczej si\u0119 nie wydarzy, co na pewno si\u0119 nie wydarzy?<\/span><\/li>\n<li><span style=\"font-weight: 400;\"> Narz\u0119dzia hipnozy dyrektywnej<\/span><\/li>\n<li><span style=\"font-weight: 400;\"> Narz\u0119dzia hipnozy niedyrektywnej<\/span><\/li>\n<li><span style=\"font-weight: 400;\"> Typowe problemy i zagro\u017cenia w stosowaniu hipnozy\u00a0<\/span><\/li>\n<li><span style=\"font-weight: 400;\"> Struktura sesji opartej na pracy z hipnoz\u0105\u00a0<\/span><\/li>\n<li><span style=\"font-weight: 400;\"> Nadzorowana praktyka sesji hipnotycznych<\/span><\/li>\n<\/ol>\n<p><strong>Termin: 20-21 VI 2026<\/strong><\/p>\n<p><strong>Cena 1900,- z\u0142\u00a0 \u00a0\u00a0<\/strong><\/p>\n<h3><strong>Prowadz\u0105cy:<\/strong><\/h3>\n<p><a href=\"https:\/\/coaching.edu.pl\/?page_id=2729\"><img loading=\"lazy\" decoding=\"async\" class=\"alignnone wp-image-2741 size-thumbnail\" src=\"https:\/\/coaching.edu.pl\/wp-content\/uploads\/2026\/05\/2023-09-15-Artur-KroI-500x500-circle-1-150x150.png\" alt=\"\" width=\"150\" height=\"150\" srcset=\"https:\/\/coaching.edu.pl\/wp-content\/uploads\/2026\/05\/2023-09-15-Artur-KroI-500x500-circle-1-150x150.png 150w, https:\/\/coaching.edu.pl\/wp-content\/uploads\/2026\/05\/2023-09-15-Artur-KroI-500x500-circle-1-300x300.png 300w, https:\/\/coaching.edu.pl\/wp-content\/uploads\/2026\/05\/2023-09-15-Artur-KroI-500x500-circle-1-360x360.png 360w, https:\/\/coaching.edu.pl\/wp-content\/uploads\/2026\/05\/2023-09-15-Artur-KroI-500x500-circle-1-250x250.png 250w, https:\/\/coaching.edu.pl\/wp-content\/uploads\/2026\/05\/2023-09-15-Artur-KroI-500x500-circle-1-100x100.png 100w, https:\/\/coaching.edu.pl\/wp-content\/uploads\/2026\/05\/2023-09-15-Artur-KroI-500x500-circle-1.png 500w\" sizes=\"auto, (max-width: 150px) 100vw, 150px\" \/><\/a><\/p>\n<p>&nbsp;<\/p>\n<p><span style=\"font-weight: 400;\"><a href=\"https:\/\/coaching.edu.pl\/?page_id=2729\"><strong>Artur Kr\u00f3l<\/strong>\u00a0<\/a><\/span><\/p>\n<h4>By zg\u0142osi\u0107 si\u0119 na warsztat:<\/h4>\n<ol>\n<li><a href=\"https:\/\/coaching.edu.pl\/wp-content\/uploads\/2026\/05\/Formularz-zgloszeniowy-Narzedzia-hipnozy-w-coachingu-2.docx\">Pobierz i\u00a0wype\u0142nij formularz zg\u0142oszeniowy.<\/a><\/li>\n<li>Prze\u015blij formularz na adres: kontakt@ccinnovation.pl.<\/li>\n<li>Wp\u0142a\u0107 nale\u017cno\u015b\u0107 za kurs w\u00a0jednym z\u00a0wariant\u00f3w w\u00a0odpowiednim terminie.<\/li>\n<\/ol>\n","protected":false},"excerpt":{"rendered":"<p>Hipnoza jest zjawiskiem owianym wieloma mitami, a jednocze\u015bnie ca\u0142kiem dobrze przebadanym narz\u0119dziem, kt\u00f3re mo\u017ce by\u0107 u\u017cytecznym wsparciem w praktyce coachingowej czy terapeutycznej. Na tym szkoleniu przyjrzymy si\u0119 faktom i mitom na temat hipnozy, specyfik\u0105 stosowania tego narz\u0119dzia w pracy z [&hellip;]<\/p>\n","protected":false},"author":1,"featured_media":2758,"parent":1055,"menu_order":0,"comment_status":"closed","ping_status":"closed","template":"page-templates\/single-project.php","meta":{"footnotes":""},"class_list":["post-2714","page","type-page","status-publish","has-post-thumbnail","hentry","clearfix"],"_links":{"self":[{"href":"https:\/\/coaching.edu.pl\/index.php?rest_route=\/wp\/v2\/pages\/2714","targetHints":{"allow":["GET"]}}],"collection":[{"href":"https:\/\/coaching.edu.pl\/index.php?rest_route=\/wp\/v2\/pages"}],"about":[{"href":"https:\/\/coaching.edu.pl\/index.php?rest_route=\/wp\/v2\/types\/page"}],"author":[{"embeddable":true,"href":"https:\/\/coaching.edu.pl\/index.php?rest_route=\/wp\/v2\/users\/1"}],"replies":[{"embeddable":true,"href":"https:\/\/coaching.edu.pl\/index.php?rest_route=%2Fwp%2Fv2%2Fcomments&post=2714"}],"version-history":[{"count":13,"href":"https:\/\/coaching.edu.pl\/index.php?rest_route=\/wp\/v2\/pages\/2714\/revisions"}],"predecessor-version":[{"id":2750,"href":"https:\/\/coaching.edu.pl\/index.php?rest_route=\/wp\/v2\/pages\/2714\/revisions\/2750"}],"up":[{"embeddable":true,"href":"https:\/\/coaching.edu.pl\/index.php?rest_route=\/wp\/v2\/pages\/1055"}],"wp:featuredmedia":[{"embeddable":true,"href":"https:\/\/coaching.edu.pl\/index.php?rest_route=\/wp\/v2\/media\/2758"}],"wp:attachment":[{"href":"https:\/\/coaching.edu.pl\/index.php?rest_route=%2Fwp%2Fv2%2Fmedia&parent=2714"}],"curies":[{"name":"wp","href":"https:\/\/api.w.org\/{rel}","templated":true}]}}