{"id":2729,"date":"2026-05-05T15:24:10","date_gmt":"2026-05-05T15:24:10","guid":{"rendered":"https:\/\/coaching.edu.pl\/?page_id=2729"},"modified":"2026-05-05T19:10:45","modified_gmt":"2026-05-05T19:10:45","slug":"artur-krol","status":"publish","type":"page","link":"https:\/\/coaching.edu.pl\/?page_id=2729","title":{"rendered":"Artur Kr\u00f3l"},"content":{"rendered":"<p><span style=\"font-weight: 400;\">Artur Kr\u00f3l \u2013 psycholog, absolwent Wydzia\u0142u Psychologii Uniwersytetu Warszawskiego, seksuolog po podyplomowych studiach Seksuologii Klinicznej na Szkole Wy\u017cszej Psychologii Spo\u0142ecznej, coach, promotor nauki, trener kompetencji psychologicznych, psychoterapeuta w trakcie szko\u0142y terapii w nurcie CBT. Od niemal 20 lat zajmuje si\u0119 szeroko rozumianym wspieraniem zmiany, tak u klient\u00f3w indywidualnych, jak i w organizacjach. Autor licznych ksi\u0105\u017cek z zakresu zmiany osobistej i rozwoju osobistego, m.in. \u201eOpowie\u015bci Zmieniacza\u201d, \u201ePewno\u015b\u0107 siebie\u201d, \u201ePraktyczna improwizacja\u201d, \u201eStatus: Dominacja, uleg\u0142o\u015b\u0107 i ukryta esencja ludzkiej komunikacji\u201d.\u00a0<\/span><\/p>\n<p><span style=\"font-weight: 400;\">Do\u015bwiadczenia z hipnoz\u0105 zaczyna\u0142 jeszcze na studiach psychologicznych, a jego praca magisterska dotyczy\u0142a w\u0142a\u015bnie r\u00f3\u017cnic w pomiarach podatno\u015bci hipnotycznej w zale\u017cno\u015bci od stosowanych narz\u0119dzi. W swojej pracy skupia si\u0119 na podej\u015bciu opartym na dowodach (evidence-based practice) i zorientowanym na informacji zwrotnej od klienta (feedback-informed treatment).<\/span><\/p>\n<p>&nbsp;<\/p>\n<p><span style=\"font-weight: 400;\">\u00a0Jako aktywny promotor nauki bardzo dba by kompetencje, kt\u00f3rych uczy mia\u0142y solidne podstawy naukowe i wysoka jako\u015b\u0107 merytoryczn\u0105.<\/span><\/p>\n","protected":false},"excerpt":{"rendered":"<p>Artur Kr\u00f3l \u2013 psycholog, absolwent Wydzia\u0142u Psychologii Uniwersytetu Warszawskiego, seksuolog po podyplomowych studiach Seksuologii Klinicznej na Szkole Wy\u017cszej Psychologii Spo\u0142ecznej, coach, promotor nauki, trener kompetencji psychologicznych, psychoterapeuta w trakcie szko\u0142y terapii w nurcie CBT. Od niemal 20 lat zajmuje si\u0119 [&hellip;]<\/p>\n","protected":false},"author":1,"featured_media":2742,"parent":502,"menu_order":4,"comment_status":"closed","ping_status":"closed","template":"page-templates\/single-employee.php","meta":{"footnotes":""},"class_list":["post-2729","page","type-page","status-publish","has-post-thumbnail","hentry","clearfix"],"_links":{"self":[{"href":"https:\/\/coaching.edu.pl\/index.php?rest_route=\/wp\/v2\/pages\/2729","targetHints":{"allow":["GET"]}}],"collection":[{"href":"https:\/\/coaching.edu.pl\/index.php?rest_route=\/wp\/v2\/pages"}],"about":[{"href":"https:\/\/coaching.edu.pl\/index.php?rest_route=\/wp\/v2\/types\/page"}],"author":[{"embeddable":true,"href":"https:\/\/coaching.edu.pl\/index.php?rest_route=\/wp\/v2\/users\/1"}],"replies":[{"embeddable":true,"href":"https:\/\/coaching.edu.pl\/index.php?rest_route=%2Fwp%2Fv2%2Fcomments&post=2729"}],"version-history":[{"count":2,"href":"https:\/\/coaching.edu.pl\/index.php?rest_route=\/wp\/v2\/pages\/2729\/revisions"}],"predecessor-version":[{"id":2743,"href":"https:\/\/coaching.edu.pl\/index.php?rest_route=\/wp\/v2\/pages\/2729\/revisions\/2743"}],"up":[{"embeddable":true,"href":"https:\/\/coaching.edu.pl\/index.php?rest_route=\/wp\/v2\/pages\/502"}],"wp:featuredmedia":[{"embeddable":true,"href":"https:\/\/coaching.edu.pl\/index.php?rest_route=\/wp\/v2\/media\/2742"}],"wp:attachment":[{"href":"https:\/\/coaching.edu.pl\/index.php?rest_route=%2Fwp%2Fv2%2Fmedia&parent=2729"}],"curies":[{"name":"wp","href":"https:\/\/api.w.org\/{rel}","templated":true}]}}