{"id":354,"date":"2016-06-27T20:21:50","date_gmt":"2016-06-27T20:21:50","guid":{"rendered":"https:\/\/econlp.home.pl\/autoinstalator\/wordpress3\/?page_id=354"},"modified":"2026-01-30T13:59:01","modified_gmt":"2026-01-30T13:59:01","slug":"o-studium-coachingu-mlc","status":"publish","type":"page","link":"https:\/\/coaching.edu.pl\/?page_id=354","title":{"rendered":"Studium Coachingu i Mentoringu MLC"},"content":{"rendered":"<h3><strong>Czyli Szko\u0142a Coachingu MLC <\/strong><span style=\"color: #000000;\">i Mentor-Coachingu<\/span><\/h3>\n<h3><strong>&#8211; <\/strong><strong>indywidualnego i zespo\u0142u &#8211; to:<\/strong><\/h3>\n<p>\u2022 kompleksowe szkolenie certyfikacyjne, akredytowane przez <a href=\"http:\/\/www.izbacoachingu.com\">Izb\u0119 Coachingu<\/a>,<\/p>\n<p>\u2022 intensywna, praktyczna nauka zawodu coacha i mentor coacha\u2013 pod superwizj\u0105 w ma\u0142ych 3- 4 osobowych grupach,<\/p>\n<p>\u2022 przygotowanie do pracy coacha zar\u00f3wno w\u00a0kontek\u015bcie osobistym,\u00a0jak i coacha i mentora w kontek\u015bcie biznesowym, w organizacjach (z pojedynczymi pracownikami i zespo\u0142ami),<\/p>\n<p>\u2022 program szkolenia\u00a0 zapewnia pe\u0142ne teoretyczne i praktyczne podstawy do wykonywania zawodu coach mentora.<\/p>\n<hr \/>\n<h3>Studium Coachingu i Mentoringu MLC \u2013 ATUTY<\/h3>\n<ul>\n<li>Ponad 15 lat do\u015bwiadczenia w kszta\u0142ceniu coach\u00f3w i mentor-coach\u00f3w.<\/li>\n<li>Jeden z pierwszych w Polsce ca\u0142o\u015bciowych program\u00f3w szkolenia coach\u00f3w i mentor-coach\u00f3w.<\/li>\n<li>Pierwszy program szkolenia coach\u00f3w, kt\u00f3ry zawiera\u0142 od pocz\u0105tku obowi\u0105zkow\u0105 superwizj\u0119 i praktyk\u0119 w roli coacha\u00a0 i mentor-coacha\u00a0 (co obecnie jest og\u00f3lnie przyj\u0119tym standardem).<\/li>\n<li>Program Studium Coachingu MLC i Mentoringu MLC spe\u0142nia wymagania szkoleniowe <strong><strong><a href=\"http:\/\/www.izbacoachingu.com\">Izby Coachingu (IC)<\/a>, <\/strong><\/strong>\u00a0<strong><strong><a href=\"https:\/\/www.coachfederation.org\">International Coaching Federation (ICF)<\/a> <\/strong><\/strong>oraz<strong><strong> <a href=\"https:\/\/emccpoland.org\/\">European Mentoring and Coaching Council (EMCC)<\/a>. <\/strong><\/strong>Pozwala ubiega\u0107 si\u0119 o indywidualn\u0105 akredytacj\u0119 IC, ICF i EMCC. W EMCC &#8211; zar\u00f3wno o akredytacj\u0119\u00a0coacha, jak i mentora.<\/li>\n<li><strong>Opieka merytoryczna\u00a0 pionierki coachingu w\u00a0Polsce<\/strong> \u2013 <a href=\"http:\/\/www.coaching.edu.pl\/?page_id=92\">prof. UW Miros\u0142awy Huflejt-\u0141ukasik<\/a>, Senior Coacha, superwizora i mentora <a href=\"https:\/\/www.eucf.org\">The European Coaching Federation (EuCF)<\/a>, oraz akredytowanego coacha i superwizora Izby Coachingu, cz\u0142onka prezydium Izby Coachingu w latach 2014-2017, coacha z ponad 30 letnim do\u015bwiadczeniem.<\/li>\n<li>Tw\u00f3rczyni Szko\u0142y MLC prof. UW Miros\u0142awa Huflejt-\u0141ukasik otrzyma\u0142a w 2017 r. nagrod\u0119 \u201eSkrzyd\u0142a za dba\u0142o\u015b\u0107 o standardy coachingu \u201d przyznan\u0105 przez ca\u0142e \u015brodowisko polskich coach\u00f3w \u2013 Stowarzyszenie Coach\u00f3w Polskich, Izb\u0119 Coachingu, ICF, EMCC.<\/li>\n<li><span style=\"color: #ff9900;\"><span style=\"color: #000000;\"><a href=\"https:\/\/coaching.edu.pl\/?page_id=502\">Kadra Studium to coachowie i superwizorzy z bogatym i r\u00f3\u017cnorodnym do\u015bwiadczeniem.<\/a>\u00a0<\/span> \u00a0<\/span><\/li>\n<\/ul>\n<p>Zgodnie z autorsk\u0105 metodologi\u0105 wielopoziomow\u0105, Studium Coachingu i Mentoringu MLC, przygotowuje uczestnik\u00f3w do samodzielnego prowadzenia coachingu i mentoringu odnosz\u0105cego si\u0119 do <b>wszystkich poziom\u00f3w funkcjonowania osoby, zespo\u0142u czy organizacji<\/b>. Coach i Mentor-Coach MLC wie, jak prawid\u0142owo uwzgl\u0119dni\u0107 uwarunkowania system\u00f3w, kt\u00f3rych klient jest cz\u0119\u015bci\u0105, np. firmy czy rodziny.<\/p>\n<hr \/>\n<h3>Studium Coachingu i Mentoringu MLC obejmuje 203 godziny:<\/h3>\n<ol>\n<li>To minimalna liczba godzin zapewniaj\u0105ca realne i rzetelne wykszta\u0142cenie potrzebne do samodzielnego prowadzenia coachingu osobistego (life-coachingu) oraz coachingu i mentoringu biznesowego, indywidualnego i\u00a0 coachingu zespo\u0142u, oraz projekt\u00f3w\u00a0 w organizacjach,<\/li>\n<li>To godziny nauki i praktyki w charakterze coacha czy mentora, tak\u017ce w innych rolach, w kt\u00f3rych wykorzystywane s\u0105 coachingowe kompetencje.\u00a0 Zapewnia\u00a0zar\u00f3wno poznanie samej metody, narz\u0119dzi, podstaw oddzia\u0142ywa\u0144 psychologicznych, jak i zrozumienie zasad formalnych w coachingu (kontrakt, wsp\u00f3\u0142praca z organizacjami),<\/li>\n<li>To nauka technik coachingowych, kt\u00f3re mog\u0105 by\u0107 wykorzystywane w r\u00f3\u017cnych rolach zawodowych (np. coach wewn\u0119trzny, mened\u017cer).<\/li>\n<\/ol>\n<hr \/>\n<h3>Bardzo wa\u017cne elementy Studium Coachingu i Mentoringu MLC<\/h3>\n<ul>\n<li>Praktyka w roli coacha czy mentora pod superwizj\u0105. (Superwizje realizowane w ramach Studium, s\u0105 wliczane do godzin superwizji potrzebnych do uzyskania akredytacji Izby Coachingu i EMCC).<\/li>\n<li>Realne wdro\u017cenie si\u0119 w rol\u0119 zawodow\u0105 coacha i mentor-coacha. <strong>Dzi\u0119ki temu, osoba po uko\u0144czeniu Studium jest samodzielnym i kompetentnym coachem i mentorem, gotowym do podj\u0119cia pracy w r\u00f3\u017cnych obszarach, z klientem indywidualnym i zespo\u0142em.<\/strong><\/li>\n<\/ul>\n<hr \/>\n<h3>Dla kogo jest Studium Coachingu i Mentoringu MLC?<\/h3>\n<p>Zapraszamy osoby, kt\u00f3re:<\/p>\n<ul>\n<li>chc\u0105 nauczy\u0107 si\u0119 skutecznie <span style=\"color: #656d6d;\">profesji\u00a0<\/span><span style=\"color: #000000;\">coacha\u00a0i mentora,<\/span><\/li>\n<li>pragn\u0105 opanowa\u0107 ca\u0142o\u015bciowy system pomagania ludziom i\u00a0zespo\u0142om w\u00a0podnoszeniu ich efektywno\u015bci, wydobywaniu niewykorzystanego potencja\u0142u i\u00a0podnoszeniu szeroko rozumianej jako\u015bci funkcjonowania,<\/li>\n<li>pe\u0142ni\u0105 rol\u0119 coacha czy mentora (bo np. tego wymaga sytuacja w pracy), ale robi\u0105 to w spos\u00f3b nieformalny i bez odpowiedniego przygotowania,<\/li>\n<li>chc\u0105 zosta\u0107 wykwalifikowanymi coachami i mentorami\u2013 z formalnymi uprawnieniami i przygotowanymi, by wykonywa\u0107 te zawody w spos\u00f3b profesjonalny.<\/li>\n<\/ul>\n<hr \/>\n<h3>Certyfikat MLC<\/h3>\n<ul>\n<li>Potwierdza kompetencje zawodowe coacha i mentora jako osoby w pe\u0142ni wykwalifikowanej i przygotowanej do samodzielnego prowadzenia coachingu i mentor-coachingu indywidualnego i zespo\u0142\u00f3w.<\/li>\n<li>Certyfikat uzyskuje si\u0119 po uko\u0144czeniu szkolenia, spe\u0142nieniu wymaga\u0144 dotycz\u0105cych pracy w\u0142asnej i po pomy\u015blnym dope\u0142nieniu ewaluacji.<\/li>\n<li>Otrzymuje go osoba, kt\u00f3ra ma praktyk\u0119 oraz przesz\u0142a superwizj\u0119 w\u00a0czasie zaj\u0119\u0107 \u00a0w\u00a0ramach Studium.<\/li>\n<\/ul>\n<hr \/>\n<h3><a href=\"http:\/\/www.coaching.edu.pl\/?page_id=566\">Terminarze<\/a><\/h3>\n<h3><a href=\"http:\/\/www.coaching.edu.pl\/?page_id=587\">Cennik i promocje<\/a><\/h3>\n<h3><a href=\"http:\/\/www.coaching.edu.pl\/?page_id=592\">Zapisy<\/a><\/h3>\n<h3>Ponadto:<\/h3>\n<p><strong>Certyfikat MLC spe\u0142nia wymagania szkolenia stawiane przez <a href=\"http:\/\/www.izbacoachingu.com\">Izb\u0119 Coachingu<\/a>, <a href=\"https:\/\/www.coachfederation.org\">ICF<\/a> oraz <a href=\"https:\/\/emccpoland.org\/\">EMCC<\/a>. W zwi\u0105zku z tym, by uzyska\u0107 indywidualn\u0105 akredytacj\u0119 w tych organizacjach, nie trzeba realizowa\u0107 ju\u017c innych szkole\u0144.\u00a0<\/strong><\/p>\n<p>Firma <a href=\"http:\/\/ccinnovation.pl\">CC Innovation<\/a> \u2013 organizator Studium Coachingu i Mentoringu MLC \u2013 jest wpisana do <strong>Rejestru Instytucji Szkoleniowych w\u00a0Wojew\u00f3dzkim Urz\u0119dzie Pracy w\u00a0Warszawie.\u00a0<\/strong><\/p>\n<p>W zwi\u0105zku z tym, osoby zainteresowane wzi\u0119ciem udzia\u0142u w Studium Coachingu i Mentoringu MLC mog\u0105 ubiega\u0107 si\u0119 o dofinansowanie.<\/p>\n","protected":false},"excerpt":{"rendered":"<p>Czyli Szko\u0142a Coachingu MLC i Mentor-Coachingu &#8211; indywidualnego i zespo\u0142u &#8211; to: \u2022 kompleksowe szkolenie certyfikacyjne, akredytowane przez Izb\u0119 Coachingu, \u2022 intensywna, praktyczna nauka zawodu coacha i mentor coacha\u2013 pod superwizj\u0105 w ma\u0142ych 3- 4 osobowych grupach, \u2022 przygotowanie do [&hellip;]<\/p>\n","protected":false},"author":1,"featured_media":952,"parent":0,"menu_order":0,"comment_status":"closed","ping_status":"closed","template":"page-templates\/single-service.php","meta":{"footnotes":""},"class_list":["post-354","page","type-page","status-publish","has-post-thumbnail","hentry","clearfix"],"_links":{"self":[{"href":"https:\/\/coaching.edu.pl\/index.php?rest_route=\/wp\/v2\/pages\/354","targetHints":{"allow":["GET"]}}],"collection":[{"href":"https:\/\/coaching.edu.pl\/index.php?rest_route=\/wp\/v2\/pages"}],"about":[{"href":"https:\/\/coaching.edu.pl\/index.php?rest_route=\/wp\/v2\/types\/page"}],"author":[{"embeddable":true,"href":"https:\/\/coaching.edu.pl\/index.php?rest_route=\/wp\/v2\/users\/1"}],"replies":[{"embeddable":true,"href":"https:\/\/coaching.edu.pl\/index.php?rest_route=%2Fwp%2Fv2%2Fcomments&post=354"}],"version-history":[{"count":32,"href":"https:\/\/coaching.edu.pl\/index.php?rest_route=\/wp\/v2\/pages\/354\/revisions"}],"predecessor-version":[{"id":2497,"href":"https:\/\/coaching.edu.pl\/index.php?rest_route=\/wp\/v2\/pages\/354\/revisions\/2497"}],"wp:featuredmedia":[{"embeddable":true,"href":"https:\/\/coaching.edu.pl\/index.php?rest_route=\/wp\/v2\/media\/952"}],"wp:attachment":[{"href":"https:\/\/coaching.edu.pl\/index.php?rest_route=%2Fwp%2Fv2%2Fmedia&parent=354"}],"curies":[{"name":"wp","href":"https:\/\/api.w.org\/{rel}","templated":true}]}}