{"id":546,"date":"2017-07-31T15:20:35","date_gmt":"2017-07-31T15:20:35","guid":{"rendered":"https:\/\/econlp.home.pl\/autoinstalator\/wordpress3\/?page_id=546"},"modified":"2017-08-27T14:55:33","modified_gmt":"2017-08-27T14:55:33","slug":"grupy-robocze","status":"publish","type":"page","link":"https:\/\/coaching.edu.pl\/?page_id=546","title":{"rendered":"Grupy robocze"},"content":{"rendered":"<h4><\/h4>\n<h4><img loading=\"lazy\" decoding=\"async\" class=\"aligncenter size-full wp-image-1178\" src=\"https:\/\/econlp.home.pl\/autoinstalator\/wordpress3\/wp-content\/uploads\/2016\/02\/rozwoj-coacha-grafiki_sesje-robocze.png\" alt=\"\" width=\"1000\" height=\"666\" srcset=\"https:\/\/coaching.edu.pl\/wp-content\/uploads\/2016\/02\/rozwoj-coacha-grafiki_sesje-robocze.png 1000w, https:\/\/coaching.edu.pl\/wp-content\/uploads\/2016\/02\/rozwoj-coacha-grafiki_sesje-robocze-300x200.png 300w, https:\/\/coaching.edu.pl\/wp-content\/uploads\/2016\/02\/rozwoj-coacha-grafiki_sesje-robocze-768x511.png 768w, https:\/\/coaching.edu.pl\/wp-content\/uploads\/2016\/02\/rozwoj-coacha-grafiki_sesje-robocze-700x466.png 700w, https:\/\/coaching.edu.pl\/wp-content\/uploads\/2016\/02\/rozwoj-coacha-grafiki_sesje-robocze-520x346.png 520w, https:\/\/coaching.edu.pl\/wp-content\/uploads\/2016\/02\/rozwoj-coacha-grafiki_sesje-robocze-360x240.png 360w, https:\/\/coaching.edu.pl\/wp-content\/uploads\/2016\/02\/rozwoj-coacha-grafiki_sesje-robocze-250x167.png 250w, https:\/\/coaching.edu.pl\/wp-content\/uploads\/2016\/02\/rozwoj-coacha-grafiki_sesje-robocze-100x67.png 100w, https:\/\/coaching.edu.pl\/wp-content\/uploads\/2016\/02\/rozwoj-coacha-grafiki_sesje-robocze-272x182.png 272w\" sizes=\"auto, (max-width: 1000px) 100vw, 1000px\" \/><\/h4>\n<h4>12 godzin<\/h4>\n<p>To obowi\u0105zkowe zespo\u0142y robocze, kt\u00f3re s\u0105 tworzone przez uczestnik\u00f3w Studium Coachingu MLC. Optymalna i\u00a0zarazem minimalna liczebno\u015b\u0107 takiego zespo\u0142u to 3 osoby. Podstawowe zadania to powt\u00f3rzenie materia\u0142u z\u00a0zaj\u0119\u0107 \u201eCoaching wielopoziomowy \u2013 techniki pracy<br \/>\nw\u00a0coachingu indywidualnym\u201d \u2013 \u0107wiczenie poznanych metod, dzielenie si\u0119 do\u015bwiadczeniem, udzielanie sobie informacji zwrotnych.<br \/>\nPraca w\u00a0zespo\u0142ach roboczych zaliczana jest na podstawie sprawozda\u0144 (b\u0105d\u017a ich kopii) sk\u0142adanych wraz z\u00a0kart\u0105 zaliczeniow\u0105 przed ewaluacj\u0105.<\/p>\n","protected":false},"excerpt":{"rendered":"<p>12 godzin To obowi\u0105zkowe zespo\u0142y robocze, kt\u00f3re s\u0105 tworzone przez uczestnik\u00f3w Studium Coachingu MLC. Optymalna i\u00a0zarazem minimalna liczebno\u015b\u0107 takiego zespo\u0142u to 3 osoby. Podstawowe zadania to powt\u00f3rzenie materia\u0142u z\u00a0zaj\u0119\u0107 \u201eCoaching wielopoziomowy \u2013 techniki pracy w\u00a0coachingu indywidualnym\u201d \u2013 \u0107wiczenie poznanych metod, [&hellip;]<\/p>\n","protected":false},"author":1,"featured_media":0,"parent":530,"menu_order":5,"comment_status":"closed","ping_status":"closed","template":"","meta":{"footnotes":""},"class_list":["post-546","page","type-page","status-publish","hentry","clearfix"],"_links":{"self":[{"href":"https:\/\/coaching.edu.pl\/index.php?rest_route=\/wp\/v2\/pages\/546","targetHints":{"allow":["GET"]}}],"collection":[{"href":"https:\/\/coaching.edu.pl\/index.php?rest_route=\/wp\/v2\/pages"}],"about":[{"href":"https:\/\/coaching.edu.pl\/index.php?rest_route=\/wp\/v2\/types\/page"}],"author":[{"embeddable":true,"href":"https:\/\/coaching.edu.pl\/index.php?rest_route=\/wp\/v2\/users\/1"}],"replies":[{"embeddable":true,"href":"https:\/\/coaching.edu.pl\/index.php?rest_route=%2Fwp%2Fv2%2Fcomments&post=546"}],"version-history":[{"count":3,"href":"https:\/\/coaching.edu.pl\/index.php?rest_route=\/wp\/v2\/pages\/546\/revisions"}],"predecessor-version":[{"id":1502,"href":"https:\/\/coaching.edu.pl\/index.php?rest_route=\/wp\/v2\/pages\/546\/revisions\/1502"}],"up":[{"embeddable":true,"href":"https:\/\/coaching.edu.pl\/index.php?rest_route=\/wp\/v2\/pages\/530"}],"wp:attachment":[{"href":"https:\/\/coaching.edu.pl\/index.php?rest_route=%2Fwp%2Fv2%2Fmedia&parent=546"}],"curies":[{"name":"wp","href":"https:\/\/api.w.org\/{rel}","templated":true}]}}