{"id":554,"date":"2017-07-31T15:24:06","date_gmt":"2017-07-31T15:24:06","guid":{"rendered":"https:\/\/econlp.home.pl\/autoinstalator\/wordpress3\/?page_id=554"},"modified":"2017-08-27T14:57:42","modified_gmt":"2017-08-27T14:57:42","slug":"superwizja-indywidualna","status":"publish","type":"page","link":"https:\/\/coaching.edu.pl\/?page_id=554","title":{"rendered":"Superwizja"},"content":{"rendered":"<h3><\/h3>\n<h3><img loading=\"lazy\" decoding=\"async\" class=\"aligncenter size-full wp-image-1186\" src=\"https:\/\/econlp.home.pl\/autoinstalator\/wordpress3\/wp-content\/uploads\/2017\/07\/rozwoj-coacha-grafiki_superwizja2.png\" alt=\"\" width=\"1000\" height=\"666\" srcset=\"https:\/\/coaching.edu.pl\/wp-content\/uploads\/2017\/07\/rozwoj-coacha-grafiki_superwizja2.png 1000w, https:\/\/coaching.edu.pl\/wp-content\/uploads\/2017\/07\/rozwoj-coacha-grafiki_superwizja2-300x200.png 300w, https:\/\/coaching.edu.pl\/wp-content\/uploads\/2017\/07\/rozwoj-coacha-grafiki_superwizja2-768x511.png 768w, https:\/\/coaching.edu.pl\/wp-content\/uploads\/2017\/07\/rozwoj-coacha-grafiki_superwizja2-700x466.png 700w, https:\/\/coaching.edu.pl\/wp-content\/uploads\/2017\/07\/rozwoj-coacha-grafiki_superwizja2-520x346.png 520w, https:\/\/coaching.edu.pl\/wp-content\/uploads\/2017\/07\/rozwoj-coacha-grafiki_superwizja2-360x240.png 360w, https:\/\/coaching.edu.pl\/wp-content\/uploads\/2017\/07\/rozwoj-coacha-grafiki_superwizja2-250x167.png 250w, https:\/\/coaching.edu.pl\/wp-content\/uploads\/2017\/07\/rozwoj-coacha-grafiki_superwizja2-100x67.png 100w, https:\/\/coaching.edu.pl\/wp-content\/uploads\/2017\/07\/rozwoj-coacha-grafiki_superwizja2-272x182.png 272w\" sizes=\"auto, (max-width: 1000px) 100vw, 1000px\" \/><\/h3>\n<h3>Superwizja indywidualna<\/h3>\n<h4>1 sesja<\/h4>\n<p>Praktyka w\u00a0roli coacha z\u00a0realnym klientem podlega superwizji indywidualnej.<br \/>\nObligatoryjny jest udzia\u0142 w\u00a0jednej sesji superwizji indywidualnej.<br \/>\nDo uczestnictwa w\u00a0tej superwizji wymagane jest odbycie treningowej sesji coachingu z\u00a0realnym klientem.<br \/>\nPraktykuj\u0105cemu coachowi zapewniona b\u0119dzie tak\u017ce mo\u017cliwo\u015b\u0107 dora\u017anego wsparcia superwizyjnego przez telefon.<\/p>\n<hr \/>\n<h3>Superwizja grupowa<\/h3>\n<h4>2 sesje<\/h4>\n<p>Praktyka w\u00a0roli coacha z\u00a0realnym klientem podlega tak\u017ce superwizji grupowej (3 osoby w\u00a0grupie \u2013 czas trwania 3 godziny zegarowe).<br \/>\nDo uczestnictwa w\u00a0superwizji wymagane jest odbycie treningowej sesji coachingu.<\/p>\n<p>Ka\u017cdy uczestnik SCMLC jest zobowi\u0105zany do udzia\u0142u w\u00a02 sesjach grupowej superwizji.<br \/>\nPraktykuj\u0105cemu coachowi zapewniona b\u0119dzie tak\u017ce mo\u017cliwo\u015b\u0107 dora\u017anego wsparcia superwizyjnego przez telefon.<\/p>\n","protected":false},"excerpt":{"rendered":"<p>Superwizja indywidualna 1 sesja Praktyka w\u00a0roli coacha z\u00a0realnym klientem podlega superwizji indywidualnej. Obligatoryjny jest udzia\u0142 w\u00a0jednej sesji superwizji indywidualnej. Do uczestnictwa w\u00a0tej superwizji wymagane jest odbycie treningowej sesji coachingu z\u00a0realnym klientem. Praktykuj\u0105cemu coachowi zapewniona b\u0119dzie tak\u017ce mo\u017cliwo\u015b\u0107 dora\u017anego wsparcia superwizyjnego [&hellip;]<\/p>\n","protected":false},"author":1,"featured_media":0,"parent":530,"menu_order":9,"comment_status":"closed","ping_status":"closed","template":"","meta":{"footnotes":""},"class_list":["post-554","page","type-page","status-publish","hentry","clearfix"],"_links":{"self":[{"href":"https:\/\/coaching.edu.pl\/index.php?rest_route=\/wp\/v2\/pages\/554","targetHints":{"allow":["GET"]}}],"collection":[{"href":"https:\/\/coaching.edu.pl\/index.php?rest_route=\/wp\/v2\/pages"}],"about":[{"href":"https:\/\/coaching.edu.pl\/index.php?rest_route=\/wp\/v2\/types\/page"}],"author":[{"embeddable":true,"href":"https:\/\/coaching.edu.pl\/index.php?rest_route=\/wp\/v2\/users\/1"}],"replies":[{"embeddable":true,"href":"https:\/\/coaching.edu.pl\/index.php?rest_route=%2Fwp%2Fv2%2Fcomments&post=554"}],"version-history":[{"count":4,"href":"https:\/\/coaching.edu.pl\/index.php?rest_route=\/wp\/v2\/pages\/554\/revisions"}],"predecessor-version":[{"id":1504,"href":"https:\/\/coaching.edu.pl\/index.php?rest_route=\/wp\/v2\/pages\/554\/revisions\/1504"}],"up":[{"embeddable":true,"href":"https:\/\/coaching.edu.pl\/index.php?rest_route=\/wp\/v2\/pages\/530"}],"wp:attachment":[{"href":"https:\/\/coaching.edu.pl\/index.php?rest_route=%2Fwp%2Fv2%2Fmedia&parent=554"}],"curies":[{"name":"wp","href":"https:\/\/api.w.org\/{rel}","templated":true}]}}