{"id":585,"date":"2017-07-31T16:10:07","date_gmt":"2017-07-31T16:10:07","guid":{"rendered":"https:\/\/econlp.home.pl\/autoinstalator\/wordpress3\/?page_id=585"},"modified":"2019-04-25T17:05:10","modified_gmt":"2019-04-25T17:05:10","slug":"edycja-letnia-2017","status":"publish","type":"page","link":"https:\/\/coaching.edu.pl\/?page_id=585","title":{"rendered":"Edycja letnia 2018"},"content":{"rendered":"<hr \/>\n<h3 style=\"text-align: center;\"><strong>[ NAB\u00d3R ZAMKNI\u0118TY ]<\/strong><\/h3>\n<p style=\"text-align: center;\">Edycja letnia Studium Coachingu MLC to intensywna nauka zawodu coacha. Przy niezmienionym programie i takiej samie liczbie godzin co edycja regularna, szkolenie odbywa si\u0119 w kilkudniowych blokach g\u0142\u00f3wnie w okresie wakacyjnym.<\/p>\n<hr \/>\n<h3><a href=\"https:\/\/serwer1985314.home.pl\/wordpress3\/wp-content\/uploads\/2017\/07\/Fotolia_9915676_Subscription_Monthly_XLweb.jpg\"><img loading=\"lazy\" decoding=\"async\" class=\"alignnone wp-image-887 size-full\" src=\"https:\/\/serwer1985314.home.pl\/wordpress3\/wp-content\/uploads\/2017\/07\/Fotolia_9915676_Subscription_Monthly_XLweb.jpg\" alt=\"\" width=\"1000\" height=\"646\" srcset=\"https:\/\/coaching.edu.pl\/wp-content\/uploads\/2017\/07\/Fotolia_9915676_Subscription_Monthly_XLweb.jpg 1000w, https:\/\/coaching.edu.pl\/wp-content\/uploads\/2017\/07\/Fotolia_9915676_Subscription_Monthly_XLweb-300x194.jpg 300w, https:\/\/coaching.edu.pl\/wp-content\/uploads\/2017\/07\/Fotolia_9915676_Subscription_Monthly_XLweb-768x496.jpg 768w, https:\/\/coaching.edu.pl\/wp-content\/uploads\/2017\/07\/Fotolia_9915676_Subscription_Monthly_XLweb-700x452.jpg 700w, https:\/\/coaching.edu.pl\/wp-content\/uploads\/2017\/07\/Fotolia_9915676_Subscription_Monthly_XLweb-520x336.jpg 520w, https:\/\/coaching.edu.pl\/wp-content\/uploads\/2017\/07\/Fotolia_9915676_Subscription_Monthly_XLweb-360x233.jpg 360w, https:\/\/coaching.edu.pl\/wp-content\/uploads\/2017\/07\/Fotolia_9915676_Subscription_Monthly_XLweb-250x162.jpg 250w, https:\/\/coaching.edu.pl\/wp-content\/uploads\/2017\/07\/Fotolia_9915676_Subscription_Monthly_XLweb-100x65.jpg 100w\" sizes=\"auto, (max-width: 1000px) 100vw, 1000px\" \/><\/a><\/h3>\n<h3>Cz\u0119\u015b\u0107 szkoleniowa oraz integracja i ewaluacja<\/h3>\n<p>&nbsp;<\/p>\n<p>&nbsp;<\/p>\n<table width=\"942\">\n<tbody>\n<tr>\n<td width=\"198\"><strong>TERMIN<\/strong><\/td>\n<td width=\"738\"><strong>TYTU\u0141<\/strong><\/td>\n<\/tr>\n<tr>\n<td width=\"198\"><strong>BLOK 1<\/strong><br \/>\n20-22.06.2018<\/td>\n<td width=\"738\">Inauguracja<\/p>\n<ul>\n<li>Wyk\u0142ad:\u00a0<a href=\"http:\/\/www.coaching.edu.pl\/?page_id=534\">Coaching \u2014 metoda, funkcje, uwarunkowania<\/a><\/li>\n<li>Warsztat:\u00a0<a href=\"http:\/\/www.coaching.edu.pl\/?page_id=802\">Umiej\u0119tno\u015bci komunikowania si\u0119, wp\u0142yw na innych, oraz motywowanie<\/a><\/li>\n<li>Warsztat:\u00a0<a href=\"http:\/\/www.coaching.edu.pl\/?page_id=542\">\u015awiadomo\u015b\u0107 i nie\u015bwiadomo\u015b\u0107, czynniki maj\u0105ce wp\u0142yw na emocje, \u017ar\u00f3d\u0142a tzw. wewn\u0119trznej motywacji i kreatywno\u015bci<\/a><\/li>\n<\/ul>\n<\/td>\n<\/tr>\n<tr>\n<td width=\"198\"><strong>BLOK 2<\/strong><br \/>\n2-4.07.201812-14.07.2018<\/td>\n<td width=\"738\">\n<ul>\n<li>Warsztat: <a href=\"http:\/\/www.coaching.edu.pl\/?page_id=544\">Proces a techniki pracy w coachingu indywidualnym<\/a><\/li>\n<\/ul>\n<\/td>\n<\/tr>\n<tr>\n<td width=\"198\"><strong>BLOK 3<\/strong><br \/>\n13-14.08.20187-9.09.2018<\/td>\n<td width=\"738\">\n<ul>\n<li>Seminarium: <a href=\"http:\/\/www.coaching.edu.pl\/?page_id=558\">Projekt coaching w organizacji, kontrakt, zasady etyczne<\/a><\/li>\n<li>Warsztat: <a href=\"http:\/\/www.coaching.edu.pl\/?page_id=550\">Coaching zespo\u0142u<\/a><\/li>\n<\/ul>\n<\/td>\n<\/tr>\n<tr>\n<td width=\"198\"><strong>BLOK 4<\/strong><br \/>\n27<strong>&#8211;<\/strong>28.09. 2018<\/td>\n<td width=\"738\">\n<ul>\n<li><strong>Warsztat:<\/strong><a href=\"http:\/\/www.coaching.edu.pl\/?page_id=561\"> Integracja<\/a><\/li>\n<li><a href=\"http:\/\/www.coaching.edu.pl\/?page_id=561\"><strong>Ewaluacja<\/strong><\/a> w formie superwizji uczestnicz\u0105cej<\/li>\n<\/ul>\n<\/td>\n<\/tr>\n<\/tbody>\n<\/table>\n<p><strong>Praktyka w roli coacha<\/strong><\/p>\n<table width=\"100%\">\n<tbody>\n<tr>\n<td><strong><a href=\"https:\/\/www.coaching.edu.pl\/?page_id=546\">GRUPY ROBOCZE<\/a><\/strong><\/td>\n<td>Tworzone s\u0105 przez uczestnik\u00f3w celem prze\u0107wiczenia i\u00a0powt\u00f3rzenia materia\u0142u przerabianego na zaj\u0119ciach. Uczestnicy organizuj\u0105 spotkania grup roboczych we w\u0142asnym zakresie. Optymalna liczebno\u015b\u0107 grupy: 3 osoby. Mog\u0105 by\u0107 realizowane po uko\u0144czeniu bloku 1 i\u00a0przed blokiem 3.<\/td>\n<\/tr>\n<tr>\n<td><strong><a href=\"https:\/\/www.coaching.edu.pl\/?page_id=552\">TRENINGOWE SESJE COACHINGU<\/a><\/strong><\/td>\n<td>Sesje coachingu z\u00a0realnym klientem uczestnicy ustalaj\u0105 we w\u0142asnym zakresie. W\u00a0ramach Studium trzeba odby\u0107 5 treningowych sesji (z\u00a0jednym klientem lub kilkoma; \u0142\u0105cznie powinno by\u0107 nie mniej ni\u017c 5 sesji). Uczestnik przygotowuje raport z\u00a0przyk\u0142adowej, jednej sesji coachingu z\u00a0danym klientem, kt\u00f3ry to raport jest zobowi\u0105zany dostarczy\u0107 superwizorowi przed superwizj\u0105 (mo\u017ce by\u0107 drog\u0105 mailow\u0105). Sesje coachingu z\u00a0realnym klientem mog\u0105 by\u0107 realizowane po uko\u0144czeniu zaj\u0119\u0107 &#8220;Projekt coachingu w organizacji, kontrakt, zasady etyczne&#8221;\u00a0\u00a0i\u00a0przed blokiem 4.<\/td>\n<\/tr>\n<tr>\n<td><strong><a href=\"https:\/\/www.coaching.edu.pl\/?page_id=548\">MENTORING<\/a><\/strong><\/td>\n<td>Obligatoryjna jest jedna sesja z\u00a0mentorem po uko\u0144czeniu bloku 2 i\u00a0przed blokiem 3. Podczas tej sesji mentor udziela uczestnikowi informacji zwrotnych na podstawie nagrania przeprowadzonej sesji coachingu odbywaj\u0105cej si\u0119 podczas bloku 2. Spotkania\/konsultacje telefoniczne i\u00a0mailowe z\u00a0mentorem ustalane s\u0105 indywidualnie z\u00a0mentorem. Mog\u0105 by\u0107 realizowane przez ca\u0142y czas Studium Coachingu MLC zale\u017cnie od potrzeb uczestnika.<\/td>\n<\/tr>\n<tr>\n<td><strong><a href=\"https:\/\/www.coaching.edu.pl\/?page_id=554\">SUPERWIZJA INDYWIDUALNA<\/a><\/strong><\/td>\n<td>Wymagane jest wcze\u015bniejsze zrealizowanie treningowej sesji coachingu z\u00a0realnym klientem. Termin ustalany indywidualnie z\u00a0sekretariatem. Mo\u017ce by\u0107 realizowana po uko\u0144czeniu\u00a0zaj\u0119\u0107 &#8220;Projekt coachingu w organizacji, kontrakt, zasady etyczne&#8221;\u00a0i\u00a0przed blokiem 4.<\/td>\n<\/tr>\n<tr>\n<td><strong><a href=\"https:\/\/www.coaching.edu.pl\/?page_id=554\">SUPERWIZJA GRUPOWA<\/a><\/strong><\/td>\n<td>Wymagane jest wcze\u015bniejsze zrealizowanie co najmniej jednej treningowej sesji coachingu z\u00a0realnym klientem. Superwizja odbywa si\u0119 w\u00a0grupach 3-4 osobowych. Po dobraniu si\u0119 w\u00a03-4 osobowe grupy terminy superwizji uczestnicy ustalaj\u0105 z\u00a0sekretariatem. Mo\u017ce by\u0107 realizowana po uko\u0144czeniu\u00a0zaj\u0119\u0107 &#8220;Projekt coachingu w organizacji, kontrakt, zasady etyczne&#8221;\u00a0i\u00a0przed blokiem 4.<\/td>\n<\/tr>\n<\/tbody>\n<\/table>\n<p>&nbsp;<\/p>\n","protected":false},"excerpt":{"rendered":"<p>[ NAB\u00d3R ZAMKNI\u0118TY ] Edycja letnia Studium Coachingu MLC to intensywna nauka zawodu coacha. Przy niezmienionym programie i takiej samie liczbie godzin co edycja regularna, szkolenie odbywa si\u0119 w kilkudniowych blokach g\u0142\u00f3wnie w okresie wakacyjnym. Cz\u0119\u015b\u0107 szkoleniowa oraz integracja i [&hellip;]<\/p>\n","protected":false},"author":1,"featured_media":0,"parent":566,"menu_order":2,"comment_status":"closed","ping_status":"closed","template":"","meta":{"footnotes":""},"class_list":["post-585","page","type-page","status-publish","hentry","clearfix"],"_links":{"self":[{"href":"https:\/\/coaching.edu.pl\/index.php?rest_route=\/wp\/v2\/pages\/585","targetHints":{"allow":["GET"]}}],"collection":[{"href":"https:\/\/coaching.edu.pl\/index.php?rest_route=\/wp\/v2\/pages"}],"about":[{"href":"https:\/\/coaching.edu.pl\/index.php?rest_route=\/wp\/v2\/types\/page"}],"author":[{"embeddable":true,"href":"https:\/\/coaching.edu.pl\/index.php?rest_route=\/wp\/v2\/users\/1"}],"replies":[{"embeddable":true,"href":"https:\/\/coaching.edu.pl\/index.php?rest_route=%2Fwp%2Fv2%2Fcomments&post=585"}],"version-history":[{"count":14,"href":"https:\/\/coaching.edu.pl\/index.php?rest_route=\/wp\/v2\/pages\/585\/revisions"}],"predecessor-version":[{"id":1754,"href":"https:\/\/coaching.edu.pl\/index.php?rest_route=\/wp\/v2\/pages\/585\/revisions\/1754"}],"up":[{"embeddable":true,"href":"https:\/\/coaching.edu.pl\/index.php?rest_route=\/wp\/v2\/pages\/566"}],"wp:attachment":[{"href":"https:\/\/coaching.edu.pl\/index.php?rest_route=%2Fwp%2Fv2%2Fmedia&parent=585"}],"curies":[{"name":"wp","href":"https:\/\/api.w.org\/{rel}","templated":true}]}}