{"id":596,"date":"2017-08-01T16:02:59","date_gmt":"2017-08-01T16:02:59","guid":{"rendered":"https:\/\/econlp.home.pl\/autoinstalator\/wordpress3\/?page_id=596"},"modified":"2026-05-09T10:17:41","modified_gmt":"2026-05-09T10:17:41","slug":"rozwoj-coacha","status":"publish","type":"page","link":"https:\/\/coaching.edu.pl\/?page_id=596","title":{"rendered":"Rozw\u00f3j Coacha i Mentora"},"content":{"rendered":"<h4 style=\"text-align: center;\">Rozw\u00f3j Coacha i Mentora to specjalny projekt stworzony z my\u015bl\u0105 o coachach, psychologach, kt\u00f3rzy chc\u0105 rozwija\u0107 swoje kompetencje oraz warsztat pracy zar\u00f3wno z klientem indywidualnym, jak i z zespo\u0142ami.<\/h4>\n<hr \/>\n<h3 style=\"text-align: center;\">W ramach projektu Rozw\u00f3j Coacha i Mentora oferujemy:<\/h3>\n<hr \/>\n<p style=\"text-align: center;\"><a href=\"http:\/\/www.coaching.edu.pl\/?page_id=230\"><img loading=\"lazy\" decoding=\"async\" class=\"aligncenter wp-image-1174 size-full\" src=\"https:\/\/serwer1985314.home.pl\/wordpress3\/wp-content\/uploads\/2016\/02\/rozwoj-coacha-grafiki_superwizja-s.png\" alt=\"\" width=\"150\" height=\"150\" srcset=\"https:\/\/coaching.edu.pl\/wp-content\/uploads\/2016\/02\/rozwoj-coacha-grafiki_superwizja-s.png 150w, https:\/\/coaching.edu.pl\/wp-content\/uploads\/2016\/02\/rozwoj-coacha-grafiki_superwizja-s-100x100.png 100w\" sizes=\"auto, (max-width: 150px) 100vw, 150px\" \/><\/a><\/p>\n<h3 style=\"text-align: center;\"><strong><a href=\"http:\/\/www.coaching.edu.pl\/?page_id=230\">Superwizja dla Coach\u00f3w i Mentor\u00f3w<\/a>\u00a0<\/strong><\/h3>\n<p style=\"text-align: center;\">W formie indywidualnej oraz grupowej. Jest to efektywny spos\u00f3b na wzbogacenie oraz pog\u0142\u0119bienie zrozumienia r\u00f3\u017cnych aspekt\u00f3w swojej pracy z klientami.<\/p>\n<hr \/>\n<h3 style=\"text-align: center;\"><strong><a href=\"http:\/\/www.coaching.edu.pl\/?page_id=100\"><img loading=\"lazy\" decoding=\"async\" class=\"alignnone wp-image-1167 size-full\" src=\"https:\/\/serwer1985314.home.pl\/wordpress3\/wp-content\/uploads\/2016\/02\/rozwoj-coacha-grafiki_1.png\" alt=\"\" width=\"151\" height=\"150\" srcset=\"https:\/\/coaching.edu.pl\/wp-content\/uploads\/2016\/02\/rozwoj-coacha-grafiki_1.png 151w, https:\/\/coaching.edu.pl\/wp-content\/uploads\/2016\/02\/rozwoj-coacha-grafiki_1-150x150.png 150w, https:\/\/coaching.edu.pl\/wp-content\/uploads\/2016\/02\/rozwoj-coacha-grafiki_1-100x99.png 100w\" sizes=\"auto, (max-width: 151px) 100vw, 151px\" \/><\/a><\/strong><\/h3>\n<h3 style=\"text-align: center;\"><a href=\"http:\/\/www.coaching.edu.pl\/?page_id=100\"><strong>Zbuduj siln\u0105 mark\u0119 Coacha i Mentora, kt\u00f3ra przyci\u0105ga klient\u00f3w<\/strong><\/a><\/h3>\n<p style=\"text-align: center;\">Warsztat po\u015bwi\u0119cony budowaniu sp\u00f3jnej i skutecznej marki osobistej coacha i mentora \u2013 od strategii i pozycjonowania, przez komunikacj\u0119, a\u017c po dzia\u0142ania marketingowe i sprzeda\u017cowe.<br \/>\nUczestnicy pracuj\u0105 na w\u0142asnych przyk\u0142adach, rozwijaj\u0105c sw\u00f3j profil ekspercki oraz ucz\u0105c si\u0119, jak przek\u0142ada\u0107 kompetencje na ofert\u0119 odpowiadaj\u0105c\u0105 realnym potrzebom rynku.<\/p>\n<hr \/>\n<h1 style=\"text-align: center;\"><a href=\"http:\/\/www.coaching.edu.pl\/?page_id=1055\">Specjalistyczne szkolenia dla Coach\u00f3w i Mentor\u00f3w<\/a><\/h1>\n<p style=\"text-align: center;\">To bogata, stale poszerzan\u0105 propozycja specjalistycznych szkole\u0144 otwartych. W\u00a0ramach nich przekazujemy najnowsz\u0105 wiedz\u0119\u00a0 psychologiczn\u0105 oraz\u00a0 uczymy zaawansowanych narz\u0119dzi i\u00a0technik, kt\u00f3re s\u0105 przydatne coachom pracuj\u0105cych w\u00a0r\u00f3\u017cnych podej\u015bciach.<\/p>\n<hr \/>\n<h1 style=\"text-align: center;\"><strong><a href=\"https:\/\/serwer1985314.home.pl\/wordpress3\/wp-content\/uploads\/2017\/08\/rozwoj-coacha-grafiki_4-.png\"><br \/>\n<\/a><a href=\"http:\/\/www.coaching.edu.pl\/?page_id=98\"><img loading=\"lazy\" decoding=\"async\" class=\"aligncenter wp-image-1016 size-full\" src=\"https:\/\/serwer1985314.home.pl\/wordpress3\/wp-content\/uploads\/2017\/08\/rozwoj-coacha-grafiki_4-.png\" alt=\"\" width=\"151\" height=\"150\" srcset=\"https:\/\/coaching.edu.pl\/wp-content\/uploads\/2017\/08\/rozwoj-coacha-grafiki_4-.png 151w, https:\/\/coaching.edu.pl\/wp-content\/uploads\/2017\/08\/rozwoj-coacha-grafiki_4--150x150.png 150w, https:\/\/coaching.edu.pl\/wp-content\/uploads\/2017\/08\/rozwoj-coacha-grafiki_4--100x99.png 100w\" sizes=\"auto, (max-width: 151px) 100vw, 151px\" \/><\/a><\/strong><\/h1>\n<h4 style=\"text-align: center;\"><strong>Seminarium:<\/strong><\/h4>\n<h3 class=\"entry-title\" style=\"text-align: center;\"><a href=\"http:\/\/www.coaching.edu.pl\/?page_id=98\"><strong>Projekt coachingu i mentoringu w organizacji, kontrakt, zasady etyczne<\/strong><\/a><\/h3>\n<hr \/>\n<h4><strong><a href=\"http:\/\/www.coaching.edu.pl\/?page_id=124\"><img loading=\"lazy\" decoding=\"async\" class=\"aligncenter wp-image-1020 size-full\" src=\"https:\/\/serwer1985314.home.pl\/wordpress3\/wp-content\/uploads\/2017\/08\/rozwoj-coacha-grafiki_3.png\" alt=\"\" width=\"151\" height=\"150\" srcset=\"https:\/\/coaching.edu.pl\/wp-content\/uploads\/2017\/08\/rozwoj-coacha-grafiki_3.png 151w, https:\/\/coaching.edu.pl\/wp-content\/uploads\/2017\/08\/rozwoj-coacha-grafiki_3-150x150.png 150w, https:\/\/coaching.edu.pl\/wp-content\/uploads\/2017\/08\/rozwoj-coacha-grafiki_3-100x99.png 100w\" sizes=\"auto, (max-width: 151px) 100vw, 151px\" \/><\/a><\/strong><\/h4>\n<h4 style=\"text-align: center;\"><strong>Warsztat:<\/strong><\/h4>\n<h3 style=\"text-align: center;\"><a href=\"http:\/\/www.coaching.edu.pl\/?page_id=124\"><strong><span style=\"color: #000000;\">Coaching zespo\u0142u\u00a0<\/span><\/strong><\/a><\/h3>\n<hr \/>\n<h4><strong><a href=\"http:\/\/www.coaching.edu.pl\/?page_id=124\"><img loading=\"lazy\" decoding=\"async\" class=\"wp-image-2756 size-full aligncenter\" src=\"https:\/\/coaching.edu.pl\/wp-content\/uploads\/2026\/05\/ikona-hipoza.png\" alt=\"\" width=\"150\" height=\"150\" srcset=\"https:\/\/coaching.edu.pl\/wp-content\/uploads\/2026\/05\/ikona-hipoza.png 150w, https:\/\/coaching.edu.pl\/wp-content\/uploads\/2026\/05\/ikona-hipoza-100x100.png 100w\" sizes=\"auto, (max-width: 150px) 100vw, 150px\" \/><\/a><\/strong><\/h4>\n<h4 style=\"text-align: center;\"><strong>Warsztat:<\/strong><\/h4>\n<h3 style=\"text-align: center;\"><a href=\"https:\/\/coaching.edu.pl\/?page_id=2714\"><strong><span style=\"color: #000000;\">Narz\u0119dzia hipnozy w coachingu <\/span><\/strong><\/a><\/h3>\n<hr \/>\n<h4 style=\"text-align: center;\"><strong><a href=\"http:\/\/www.coaching.edu.pl\/?page_id=102\"><img loading=\"lazy\" decoding=\"async\" class=\"alignnone wp-image-1021 size-full\" src=\"https:\/\/serwer1985314.home.pl\/wordpress3\/wp-content\/uploads\/2017\/08\/rozwoj-coacha-grafiki_5.png\" alt=\"\" width=\"151\" height=\"150\" srcset=\"https:\/\/coaching.edu.pl\/wp-content\/uploads\/2017\/08\/rozwoj-coacha-grafiki_5.png 151w, https:\/\/coaching.edu.pl\/wp-content\/uploads\/2017\/08\/rozwoj-coacha-grafiki_5-150x150.png 150w, https:\/\/coaching.edu.pl\/wp-content\/uploads\/2017\/08\/rozwoj-coacha-grafiki_5-100x99.png 100w\" sizes=\"auto, (max-width: 151px) 100vw, 151px\" \/><\/a><\/strong><\/h4>\n<h4 style=\"text-align: center;\"><strong>Kurs:<\/strong><\/h4>\n<h3 class=\"entry-title\" style=\"text-align: center;\"><a href=\"http:\/\/www.coaching.edu.pl\/?page_id=102\"><strong>Narz\u0119dzia w coachingu\u00a0\u2013 program dla zaawansowanych<\/strong><\/a><\/h3>\n<hr \/>\n<h3 class=\"entry-title\" style=\"text-align: center;\"><a href=\"http:\/\/www.coaching.edu.pl\/?page_id=120\"><img loading=\"lazy\" decoding=\"async\" class=\"aligncenter wp-image-1018 size-full\" src=\"https:\/\/serwer1985314.home.pl\/wordpress3\/wp-content\/uploads\/2017\/08\/rozwoj-coacha-grafiki_6.png\" alt=\"\" width=\"151\" height=\"150\" srcset=\"https:\/\/coaching.edu.pl\/wp-content\/uploads\/2017\/08\/rozwoj-coacha-grafiki_6.png 151w, https:\/\/coaching.edu.pl\/wp-content\/uploads\/2017\/08\/rozwoj-coacha-grafiki_6-150x150.png 150w, https:\/\/coaching.edu.pl\/wp-content\/uploads\/2017\/08\/rozwoj-coacha-grafiki_6-100x99.png 100w\" sizes=\"auto, (max-width: 151px) 100vw, 151px\" \/><\/a><\/h3>\n<h4 style=\"text-align: center;\"><strong>Warsztat:<\/strong><\/h4>\n<h3 class=\"entry-title\" style=\"text-align: center;\"><a href=\"http:\/\/www.coaching.edu.pl\/?page_id=120\"><strong>Strategie<\/strong><\/a><\/h3>\n<hr \/>\n<h3 class=\"entry-title\" style=\"text-align: center;\"><strong><a href=\"http:\/\/www.coaching.edu.pl\/?page_id=118\"><img loading=\"lazy\" decoding=\"async\" class=\"aligncenter wp-image-1023 size-full\" src=\"https:\/\/serwer1985314.home.pl\/wordpress3\/wp-content\/uploads\/2017\/08\/rozwoj-coacha-grafiki_7.png\" alt=\"\" width=\"151\" height=\"150\" srcset=\"https:\/\/coaching.edu.pl\/wp-content\/uploads\/2017\/08\/rozwoj-coacha-grafiki_7.png 151w, https:\/\/coaching.edu.pl\/wp-content\/uploads\/2017\/08\/rozwoj-coacha-grafiki_7-150x150.png 150w, https:\/\/coaching.edu.pl\/wp-content\/uploads\/2017\/08\/rozwoj-coacha-grafiki_7-100x99.png 100w\" sizes=\"auto, (max-width: 151px) 100vw, 151px\" \/><\/a><\/strong><\/h3>\n<h4 style=\"text-align: center;\"><strong>Warsztat:<\/strong><\/h4>\n<h3 class=\"entry-title\" style=\"text-align: center;\"><a href=\"http:\/\/www.coaching.edu.pl\/?page_id=118\"><strong>Metody pracy z przekonaniami<\/strong><\/a><\/h3>\n<hr \/>\n<h4 style=\"text-align: center;\"><strong><a href=\"http:\/\/www.coaching.edu.pl\/?page_id=122\"><img loading=\"lazy\" decoding=\"async\" class=\"aligncenter wp-image-1022 size-full\" src=\"https:\/\/serwer1985314.home.pl\/wordpress3\/wp-content\/uploads\/2017\/08\/rozwoj-coacha-grafiki_8.png\" alt=\"\" width=\"151\" height=\"150\" srcset=\"https:\/\/coaching.edu.pl\/wp-content\/uploads\/2017\/08\/rozwoj-coacha-grafiki_8.png 151w, https:\/\/coaching.edu.pl\/wp-content\/uploads\/2017\/08\/rozwoj-coacha-grafiki_8-150x150.png 150w, https:\/\/coaching.edu.pl\/wp-content\/uploads\/2017\/08\/rozwoj-coacha-grafiki_8-100x99.png 100w\" sizes=\"auto, (max-width: 151px) 100vw, 151px\" \/><\/a><\/strong><\/h4>\n<h4 style=\"text-align: center;\"><strong>Warsztat:<\/strong><\/h4>\n<h3 style=\"text-align: center;\"><a href=\"http:\/\/www.coaching.edu.pl\/?page_id=122\"><strong>O\u00a0pograniczu coachingu a\u00a0psychiatrii i\u00a0psychoterapii<\/strong><\/a><\/h3>\n","protected":false},"excerpt":{"rendered":"<p>Rozw\u00f3j Coacha i Mentora to specjalny projekt stworzony z my\u015bl\u0105 o coachach, psychologach, kt\u00f3rzy chc\u0105 rozwija\u0107 swoje kompetencje oraz warsztat pracy zar\u00f3wno z klientem indywidualnym, jak i z zespo\u0142ami. W ramach projektu Rozw\u00f3j Coacha i Mentora oferujemy: Superwizja dla Coach\u00f3w [&hellip;]<\/p>\n","protected":false},"author":1,"featured_media":951,"parent":0,"menu_order":3,"comment_status":"closed","ping_status":"closed","template":"page-templates\/single-service.php","meta":{"footnotes":""},"class_list":["post-596","page","type-page","status-publish","has-post-thumbnail","hentry","clearfix"],"_links":{"self":[{"href":"https:\/\/coaching.edu.pl\/index.php?rest_route=\/wp\/v2\/pages\/596","targetHints":{"allow":["GET"]}}],"collection":[{"href":"https:\/\/coaching.edu.pl\/index.php?rest_route=\/wp\/v2\/pages"}],"about":[{"href":"https:\/\/coaching.edu.pl\/index.php?rest_route=\/wp\/v2\/types\/page"}],"author":[{"embeddable":true,"href":"https:\/\/coaching.edu.pl\/index.php?rest_route=\/wp\/v2\/users\/1"}],"replies":[{"embeddable":true,"href":"https:\/\/coaching.edu.pl\/index.php?rest_route=%2Fwp%2Fv2%2Fcomments&post=596"}],"version-history":[{"count":34,"href":"https:\/\/coaching.edu.pl\/index.php?rest_route=\/wp\/v2\/pages\/596\/revisions"}],"predecessor-version":[{"id":2757,"href":"https:\/\/coaching.edu.pl\/index.php?rest_route=\/wp\/v2\/pages\/596\/revisions\/2757"}],"wp:featuredmedia":[{"embeddable":true,"href":"https:\/\/coaching.edu.pl\/index.php?rest_route=\/wp\/v2\/media\/951"}],"wp:attachment":[{"href":"https:\/\/coaching.edu.pl\/index.php?rest_route=%2Fwp%2Fv2%2Fmedia&parent=596"}],"curies":[{"name":"wp","href":"https:\/\/api.w.org\/{rel}","templated":true}]}}