{"id":623,"date":"2017-08-01T17:07:18","date_gmt":"2017-08-01T17:07:18","guid":{"rendered":"https:\/\/econlp.home.pl\/autoinstalator\/wordpress3\/?page_id=623"},"modified":"2024-01-27T11:32:59","modified_gmt":"2024-01-27T11:32:59","slug":"szkola-mlc-programy-pracy-z-grupami-i-zespolami","status":"publish","type":"page","link":"https:\/\/coaching.edu.pl\/?page_id=623","title":{"rendered":"Programy pracy z\u00a0grupami i\u00a0zespo\u0142ami MLC"},"content":{"rendered":"<p>Programy w\u00a0Szkole s\u0105 ukierunkowane na kompleksowe przygotowanie profesjonalist\u00f3w, kt\u00f3rzy wspieraj\u0105cych rozw\u00f3j grup, zespo\u0142\u00f3w i\u00a0organizacji.<\/p>\n<p>Dostarczamy uczestnikom pe\u0142ne teoretyczne i praktyczne przygotowanie, niezb\u0119dne do \u015bwiadomego i rzetelnego wykonywania zawodu trenera, coacha i mentor-coacha, w kontek\u015bcie pracy z grupami i zespo\u0142ami. Nasze programy ucz\u0105 bycia liderem. Oparte s\u0105 na naukowej wiedzy i wieloletnim do\u015bwiadczeniu i praktyce.<\/p>\n<p>Zaj\u0119cia prowadzone s\u0105 przez do\u015bwiadczonych praktyk\u00f3w \u2013 psycholog\u00f3w, mened\u017cer\u00f3w,\u00a0 trener\u00f3w, coach\u00f3w, mentor\u00f3w i konsultant\u00f3w z wieloletnim do\u015bwiadczeniem zawodowym.<\/p>\n<p>S\u0142uchacze maj\u0105 do wyboru kilka mo\u017cliwych \u015bcie\u017cek rozwoju skonstruowanych modu\u0142owo. Umo\u017cliwiaj\u0105 one dopasowanie procesu kszta\u0142cenia do potrzeb rozwojowych oraz cel\u00f3w zawodowych uczestnika. Ka\u017cda z\u00a0wymienionych ni\u017cej \u015bcie\u017cek mo\u017ce by\u0107 realizowana oddzielnie i\u00a0zako\u0144czona jest certyfikacj\u0105 w\u00a0wybranym obszarze. Modu\u0142owy charakter Studi\u00f3w pozwala, w\u00a0dogodny spos\u00f3b, na rozszerzenie procesu kszta\u0142cenia o\u00a0pozosta\u0142e specjalizacje.<\/p>\n<p><strong>Wa\u017cnym elementem ka\u017cdego Studium jest praktyka, realizowana pod superwizj\u0105<\/strong> akredytowanych superwizor\u00f3w, oraz realne wdro\u017cenie si\u0119 w\u00a0rol\u0119 zawodow\u0105. W\u00a0efekcie osoba po uko\u0144czeniu Studium jest samodzielnym i\u00a0kompetentnym\u00a0 specjalist\u0105, gotowym do podj\u0119cia pracy w\u00a0r\u00f3\u017cnych obszarach zawodowych, w\u00a0ramach wybranej specjalizacji.<\/p>\n<hr \/>\n<h3 style=\"text-align: center;\"><strong>WYBIERZ PROGRAM<\/strong><\/h3>\n<hr \/>\n<h3 style=\"text-align: center;\"><strong><a href=\"http:\/\/www.coaching.edu.pl\/?page_id=354\"><img loading=\"lazy\" decoding=\"async\" class=\"aligncenter wp-image-952 size-full\" src=\"https:\/\/coaching.edu.pl\/wp-content\/uploads\/2017\/08\/rozwoj-coacha-grafiki_SCMLC.png\" alt=\"\" width=\"150\" height=\"150\" srcset=\"https:\/\/coaching.edu.pl\/wp-content\/uploads\/2017\/08\/rozwoj-coacha-grafiki_SCMLC.png 150w, https:\/\/coaching.edu.pl\/wp-content\/uploads\/2017\/08\/rozwoj-coacha-grafiki_SCMLC-100x100.png 100w\" sizes=\"auto, (max-width: 150px) 100vw, 150px\" \/><\/a><\/strong><\/h3>\n<h3 style=\"text-align: center;\"><a href=\"http:\/\/www.coaching.edu.pl\/?page_id=354\"><strong>Studium Coachingu i Mentoringu MLC<\/strong><\/a><\/h3>\n<h4 style=\"text-align: center;\"><a href=\"http:\/\/www.coaching.edu.pl\/?page_id=354\"><strong>(SC MLC)<\/strong><\/a><\/h4>\n<p style=\"text-align: center;\">Ko\u0144czy si\u0119 Certyfikatem Coacha i Mentora MLC uprawniaj\u0105cym do wykonywania zawodu coacha i mentora oraz jest podstaw\u0105 do akredytacji w <a href=\"http:\/\/www.izbacoachingu.com\">IC<\/a> i\u00a0<a href=\"https:\/\/www.coachfederation.org\">ICF<\/a>, EMCC.<\/p>\n<p style=\"text-align: center;\">Osoba, kt\u00f3ra nie ma certyfikatu coacha mo\u017ce po\u0142\u0105czy\u0107 Studium Coachingu i Mentoringu MLC, z wybranym z poni\u017cej opisanych zaawansowanych program\u00f3w szkolenia w obszarze pracy z grupami i\u00a0 zespo\u0142ami, uzyskuj\u0105c jednocze\u015bnie dwa certyfikaty: Certyfikat Coacha i Mentoringu MLC i wybranego zaawansowanego Studium Coachingu\u00a0 MLC.<\/p>\n<hr \/>\n<h3 style=\"text-align: center;\"><a href=\"http:\/\/www.coaching.edu.pl\/?page_id=649\"><img loading=\"lazy\" decoding=\"async\" class=\"aligncenter wp-image-950 size-full\" src=\"https:\/\/coaching.edu.pl\/wp-content\/uploads\/2017\/08\/rozwoj-coacha-grafiki_scz.png\" alt=\"\" width=\"151\" height=\"150\" srcset=\"https:\/\/coaching.edu.pl\/wp-content\/uploads\/2017\/08\/rozwoj-coacha-grafiki_scz.png 151w, https:\/\/coaching.edu.pl\/wp-content\/uploads\/2017\/08\/rozwoj-coacha-grafiki_scz-150x150.png 150w, https:\/\/coaching.edu.pl\/wp-content\/uploads\/2017\/08\/rozwoj-coacha-grafiki_scz-100x99.png 100w\" sizes=\"auto, (max-width: 151px) 100vw, 151px\" \/><\/a><\/h3>\n<h3 style=\"text-align: center;\"><a href=\"http:\/\/www.coaching.edu.pl\/?page_id=649\"><strong>Studium Coachingu Zespo\u0142\u00f3w MLC<\/strong><\/a><\/h3>\n<h4 style=\"text-align: center;\"><a href=\"http:\/\/www.coaching.edu.pl\/?page_id=649\"><strong>(SCZ MLC)<\/strong><\/a><\/h4>\n<p style=\"text-align: center;\">Jest to zaawansowany program szkoleniowy dla certyfikowanych coach\u00f3w, kt\u00f3rzy chc\u0105 si\u0119 wyspecjalizowa\u0107 w\u00a0prowadzeniu coachingu dla zespo\u0142\u00f3w, najcz\u0119\u015bciej jest to coaching dla organizacji. Osoba ko\u0144cz\u0105ca\u00a0 Studium Coachingu Zespo\u0142\u00f3w MLC uzyska certyfikat uko\u0144czenia Studium Coachingu Zespo\u0142\u00f3w MLC.<\/p>\n<hr \/>\n<h3 style=\"text-align: center;\"><a href=\"http:\/\/www.coaching.edu.pl\/?page_id=657\"><img loading=\"lazy\" decoding=\"async\" class=\"aligncenter wp-image-949 size-full\" src=\"https:\/\/coaching.edu.pl\/wp-content\/uploads\/2016\/02\/rozwoj-coacha-grafiki_grup.png\" alt=\"\" width=\"151\" height=\"150\" \/><\/a><\/h3>\n<h3 style=\"text-align: center;\"><a href=\"http:\/\/www.coaching.edu.pl\/?page_id=657\"><strong>Studium Coachingu Grupowego MLC<\/strong><\/a><\/h3>\n<h4 style=\"text-align: center;\"><a href=\"http:\/\/www.coaching.edu.pl\/?page_id=657\"><strong>(SCG MLC)<\/strong><\/a><\/h4>\n<p style=\"text-align: center;\">Jest zaawansowanymi programami szkoleniowymi dla certyfikowanych coach\u00f3w, kt\u00f3rzy chc\u0105 si\u0119 wyspecjalizowa\u0107 w\u00a0prowadzenia coachingu grupowego. Ta forma coachingu wymaga \u0142\u0105czenia kompetencji coacha z\u00a0kompetencjami trenera. Osoba ko\u0144cz\u0105ca Studium Coachingu Grupowego MLC jednocze\u015bnie uzyska certyfikat uko\u0144czenia Studium, a\u00a0tak\u017ce Treningu Trenerskiego MLC (TTMLC), kt\u00f3rego program zawiera si\u0119 w\u00a0programie Studium Coachingu Grupowego MLC.<\/p>\n<hr \/>\n<h3 style=\"text-align: center;\"><a href=\"http:\/\/www.coaching.edu.pl\/?page_id=663\"><img loading=\"lazy\" decoding=\"async\" class=\"aligncenter wp-image-953 size-full\" src=\"https:\/\/coaching.edu.pl\/wp-content\/uploads\/2017\/08\/rozwoj-coacha-grafiki_szkola-sczig.png\" alt=\"\" width=\"151\" height=\"150\" srcset=\"https:\/\/coaching.edu.pl\/wp-content\/uploads\/2017\/08\/rozwoj-coacha-grafiki_szkola-sczig.png 151w, https:\/\/coaching.edu.pl\/wp-content\/uploads\/2017\/08\/rozwoj-coacha-grafiki_szkola-sczig-150x150.png 150w, https:\/\/coaching.edu.pl\/wp-content\/uploads\/2017\/08\/rozwoj-coacha-grafiki_szkola-sczig-100x99.png 100w\" sizes=\"auto, (max-width: 151px) 100vw, 151px\" \/><\/a><\/h3>\n<h3 style=\"text-align: center;\"><a href=\"http:\/\/www.coaching.edu.pl\/?page_id=663\"><strong>Studium Coachingu Zespo\u0142\u00f3w i\u00a0Grup MLC<\/strong><\/a><\/h3>\n<h4 style=\"text-align: center;\"><a href=\"http:\/\/www.coaching.edu.pl\/?page_id=663\"><strong>(SZIG MLC)<\/strong><\/a><\/h4>\n<p style=\"text-align: center;\">\u0141\u0105czy programy Studium Coachingu Zespo\u0142\u00f3w MLC i\u00a0Studium Coachingu Grupowego MLC oraz Treningu Trenerskiego MLC. Osoba ko\u0144cz\u0105ca ten kompleksowy program posiada wszechstronne umiej\u0119tno\u015bci, sprawdzone i\u00a0rozwini\u0119te w\u00a0praktyce pod superwizj\u0105. Poszczyci\u0107 si\u0119 te\u017c mo\u017ce certyfikatami potwierdzaj\u0105cymi jej szerokie kompetencje\u00a0 jako specjalisty pracy z\u00a0grupami i\u00a0organizacjami, coacha i\u00a0trenera \u2013 Certyfikat Studium Zespo\u0142\u00f3w i\u00a0Grup MLC oraz Treningu Trenerskiego MLC.<\/p>\n<hr \/>\n<h3 style=\"text-align: center;\"><a href=\"http:\/\/www.coaching.edu.pl\/?page_id=672\"><img loading=\"lazy\" decoding=\"async\" class=\"aligncenter wp-image-967 size-full\" src=\"https:\/\/coaching.edu.pl\/wp-content\/uploads\/2017\/08\/rozwoj-coacha-grafiki_trenerskie-i-dynamiki-grup.png\" alt=\"\" width=\"151\" height=\"150\" srcset=\"https:\/\/coaching.edu.pl\/wp-content\/uploads\/2017\/08\/rozwoj-coacha-grafiki_trenerskie-i-dynamiki-grup.png 151w, https:\/\/coaching.edu.pl\/wp-content\/uploads\/2017\/08\/rozwoj-coacha-grafiki_trenerskie-i-dynamiki-grup-150x150.png 150w, https:\/\/coaching.edu.pl\/wp-content\/uploads\/2017\/08\/rozwoj-coacha-grafiki_trenerskie-i-dynamiki-grup-100x99.png 100w\" sizes=\"auto, (max-width: 151px) 100vw, 151px\" \/><\/a><\/h3>\n<h3 style=\"text-align: center;\"><a href=\"http:\/\/www.coaching.edu.pl\/?page_id=672\"><strong>Studium Trenerskie i\u00a0Dynamiki Grup MLC<\/strong><\/a><\/h3>\n<h4 style=\"text-align: center;\"><a href=\"http:\/\/www.coaching.edu.pl\/?page_id=672\"><strong>(STiDG MLC)<\/strong><\/a><\/h4>\n<p style=\"text-align: center;\">Daje wiedz\u0119 i realne kompetencje do prowadzenia grup (w tym szkole\u0144, prezentacji itp.), rozumienia ich dynamiki oraz wp\u0142ywania na ni\u0105. Przygotowuje do zbierania potrzeb, okre\u015blania celu szkolenia, projektowania go oraz skutecznego prowadzenia. Jest zaawansowanym szkoleniem z obszaru pracy z grupami w og\u00f3le, wp\u0142ywania na procesy grupowe, w tym specyficznie przygotowuje do pracy z grupami szkoleniowymi pod superwizj\u0105. Udzia\u0142 w Studium ko\u0144czy si\u0119 uzyskaniem Certyfikatu Studium Trenerskiego i Dynamiki Grup MLC.<\/p>\n<hr \/>\n<p style=\"text-align: center;\">Informujemy, \u017ce posiadamy <strong>wpis do Rejestru Instytucji Szkoleniowych w\u00a0Wojew\u00f3dzkim Urz\u0119dzie Pracy w\u00a0Warszawie o\u00a0numerze 2.14\/00354\/2013,<\/strong> w\u00a0zwi\u0105zku z\u00a0czym osoby zainteresowane wzi\u0119ciem udzia\u0142u w\u00a0Szkole MLC mog\u0105 ubiega\u0107 si\u0119 o\u00a0dofinansowanie.<\/p>\n<hr \/>\n<h3 style=\"text-align: center;\"><\/h3>\n<p><a href=\"http:\/\/www.coaching.edu.pl\/?page_id=680\"><img loading=\"lazy\" decoding=\"async\" class=\"aligncenter wp-image-948 size-full\" src=\"https:\/\/coaching.edu.pl\/wp-content\/uploads\/2017\/08\/rozwoj-coacha-grafiki_program.png\" alt=\"\" width=\"151\" height=\"150\" srcset=\"https:\/\/coaching.edu.pl\/wp-content\/uploads\/2017\/08\/rozwoj-coacha-grafiki_program.png 151w, https:\/\/coaching.edu.pl\/wp-content\/uploads\/2017\/08\/rozwoj-coacha-grafiki_program-150x150.png 150w, https:\/\/coaching.edu.pl\/wp-content\/uploads\/2017\/08\/rozwoj-coacha-grafiki_program-100x99.png 100w\" sizes=\"auto, (max-width: 151px) 100vw, 151px\" \/><\/a><\/p>\n<h3 style=\"text-align: center;\"><strong><a href=\"http:\/\/www.coaching.edu.pl\/?page_id=680\">PROGRAMY SZCZEG\u00d3\u0141OWE I CENNIK<\/a><\/strong><\/h3>\n<hr \/>\n<h3 style=\"text-align: center;\"><strong><a href=\"http:\/\/www.coaching.edu.pl\/?page_id=682\"><img loading=\"lazy\" decoding=\"async\" class=\"aligncenter wp-image-954 size-full\" src=\"https:\/\/coaching.edu.pl\/wp-content\/uploads\/2017\/08\/rozwoj-coacha-grafiki_terminarz.png\" alt=\"\" width=\"151\" height=\"150\" srcset=\"https:\/\/coaching.edu.pl\/wp-content\/uploads\/2017\/08\/rozwoj-coacha-grafiki_terminarz.png 151w, https:\/\/coaching.edu.pl\/wp-content\/uploads\/2017\/08\/rozwoj-coacha-grafiki_terminarz-150x150.png 150w, https:\/\/coaching.edu.pl\/wp-content\/uploads\/2017\/08\/rozwoj-coacha-grafiki_terminarz-100x99.png 100w\" sizes=\"auto, (max-width: 151px) 100vw, 151px\" \/><\/a><\/strong><\/h3>\n<h3 style=\"text-align: center;\"><strong><a href=\"http:\/\/www.coaching.edu.pl\/?page_id=682\">TERMINARZ<\/a>\u00a0<\/strong><\/h3>\n<hr \/>\n<h3 style=\"text-align: center;\"><a href=\"http:\/\/www.coaching.edu.pl\/?page_id=1383\"><img loading=\"lazy\" decoding=\"async\" class=\"aligncenter wp-image-1435 size-full\" src=\"https:\/\/coaching.edu.pl\/wp-content\/uploads\/2017\/08\/rozwoj-coacha-grafiki_zapisy.png\" alt=\"\" width=\"150\" height=\"150\" srcset=\"https:\/\/coaching.edu.pl\/wp-content\/uploads\/2017\/08\/rozwoj-coacha-grafiki_zapisy.png 150w, https:\/\/coaching.edu.pl\/wp-content\/uploads\/2017\/08\/rozwoj-coacha-grafiki_zapisy-100x100.png 100w\" sizes=\"auto, (max-width: 150px) 100vw, 150px\" \/><\/a><a href=\"http:\/\/www.coaching.edu.pl\/?page_id=1383\"><strong>ZAPISY<\/strong><\/a><\/h3>\n","protected":false},"excerpt":{"rendered":"<p>Programy w\u00a0Szkole s\u0105 ukierunkowane na kompleksowe przygotowanie profesjonalist\u00f3w, kt\u00f3rzy wspieraj\u0105cych rozw\u00f3j grup, zespo\u0142\u00f3w i\u00a0organizacji. Dostarczamy uczestnikom pe\u0142ne teoretyczne i praktyczne przygotowanie, niezb\u0119dne do \u015bwiadomego i rzetelnego wykonywania zawodu trenera, coacha i mentor-coacha, w kontek\u015bcie pracy z grupami i zespo\u0142ami. Nasze [&hellip;]<\/p>\n","protected":false},"author":1,"featured_media":949,"parent":0,"menu_order":2,"comment_status":"closed","ping_status":"closed","template":"page-templates\/single-service.php","meta":{"footnotes":""},"class_list":["post-623","page","type-page","status-publish","has-post-thumbnail","hentry","clearfix"],"_links":{"self":[{"href":"https:\/\/coaching.edu.pl\/index.php?rest_route=\/wp\/v2\/pages\/623","targetHints":{"allow":["GET"]}}],"collection":[{"href":"https:\/\/coaching.edu.pl\/index.php?rest_route=\/wp\/v2\/pages"}],"about":[{"href":"https:\/\/coaching.edu.pl\/index.php?rest_route=\/wp\/v2\/types\/page"}],"author":[{"embeddable":true,"href":"https:\/\/coaching.edu.pl\/index.php?rest_route=\/wp\/v2\/users\/1"}],"replies":[{"embeddable":true,"href":"https:\/\/coaching.edu.pl\/index.php?rest_route=%2Fwp%2Fv2%2Fcomments&post=623"}],"version-history":[{"count":44,"href":"https:\/\/coaching.edu.pl\/index.php?rest_route=\/wp\/v2\/pages\/623\/revisions"}],"predecessor-version":[{"id":2458,"href":"https:\/\/coaching.edu.pl\/index.php?rest_route=\/wp\/v2\/pages\/623\/revisions\/2458"}],"wp:featuredmedia":[{"embeddable":true,"href":"https:\/\/coaching.edu.pl\/index.php?rest_route=\/wp\/v2\/media\/949"}],"wp:attachment":[{"href":"https:\/\/coaching.edu.pl\/index.php?rest_route=%2Fwp%2Fv2%2Fmedia&parent=623"}],"curies":[{"name":"wp","href":"https:\/\/api.w.org\/{rel}","templated":true}]}}