{"id":672,"date":"2015-08-01T17:59:21","date_gmt":"2015-08-01T17:59:21","guid":{"rendered":"https:\/\/econlp.home.pl\/autoinstalator\/wordpress3\/?page_id=672"},"modified":"2026-01-30T13:42:11","modified_gmt":"2026-01-30T13:42:11","slug":"studium-trenerskie-i-dynamiki-grup-mlc","status":"publish","type":"page","link":"https:\/\/coaching.edu.pl\/?page_id=672","title":{"rendered":"Studium Trenerskie i Dynamiki Grup MLC"},"content":{"rendered":"<p>Trening Trenerski MLC to ca\u0142o\u015bciowe szkolenie przygotowuj\u0105ce do\u00a0 samodzielnego pe\u0142nienia roli profesjonalnego trenera. Uczestnicy studium otrzymuj\u0105 kompletn\u0105 wiedz\u0119 w\u00a0zakresie efektywnego projektowania, przygotowania i\u00a0prowadzenia szkole\u0144. Program obejmuje zar\u00f3wno teoretyczne podstawy pracy trenera, takie jak poszerzenie rozumienia dynamiki grupy i\u00a0procesu grupowego, jak r\u00f3wnie\u017c praktyczn\u0105 nauk\u0119 narz\u0119dzi wykorzystywanych w\u00a0procesie szkolenia. Uczestnicy maj\u0105 r\u00f3wnie\u017c mo\u017cliwo\u015b\u0107 przyjrze\u0107 si\u0119 w\u0142asnemu funkcjonowaniu w\u00a0sytuacjach grupowych i\u00a0pozna\u0107 siebie w\u00a0oczach innych os\u00f3b, podczas treningu interpersonalnego.<\/p>\n<h3>Studium adresowane jest do os\u00f3b:<\/h3>\n<ul>\n<li>przygotowuj\u0105cych si\u0119 do wykonywania zawodu trenera,<\/li>\n<li>posiadaj\u0105cych ju\u017c do\u015bwiadczenie w\u00a0zakresie prowadzenia szkole\u0144, chc\u0105cych rozwin\u0105\u0107 swoje kompetencje trenerskie,<\/li>\n<li>dla kt\u00f3rych istotnym elementem pracy jest umiej\u0119tno\u015b\u0107 pracy z\u00a0grup\u0105 w\u00a0r\u00f3\u017cnych kontekstach<\/li>\n<\/ul>\n<p><strong>Czas trwania:<\/strong> 156 godzin<\/p>\n<hr \/>\n<h3>Korzy\u015bci:<\/h3>\n<p>Co zyskasz dzi\u0119ki udzia\u0142owi w\u00a0Studium:<\/p>\n<ul>\n<li>otrzymasz kompletn\u0105 i\u00a0praktyczn\u0105 wiedz\u0119 na temat funkcjonowania grup, procesu grupowego i\u00a0dynamiki grup,<\/li>\n<li>rozwiniesz umiej\u0119tno\u015bci pracy z\u00a0grup\u0105 w\u00a0roli trenera, instruktora, nauczyciela,<\/li>\n<li>poznasz narz\u0119dzia pracy umo\u017cliwiaj\u0105ce efektywn\u0105 prac\u0119 z\u00a0grup\u0105,<\/li>\n<li>zdob\u0119dziesz zaw\u00f3d trenera potwierdzony Certyfikatem Studium Trenerskiego i Dynamiki Grup MLC.<\/li>\n<\/ul>\n<hr \/>\n<h3>Inwestycja:<\/h3>\n<ul>\n<li><strong>cena podstawowa:<\/strong> 13.755,- PLN<\/li>\n<li><strong>cena w przedp\u0142acie:<\/strong> 13.242,- PLN<\/li>\n<li><strong>cena podstawowa dla absolwent\u00f3w MLC:<\/strong> 13.505,- PLN<\/li>\n<li><strong>cena w przedp\u0142acie dla absolwent\u00f3w MLC:<\/strong> 12.992,- PLN<\/li>\n<\/ul>\n<p><strong>Rekomenduj\u0105c znajomemu Szko\u0142\u0119 MLC<\/strong> otrzymujesz dodatkowo 5% zni\u017cki od aktualnej ceny. Mo\u017cna zaprosi\u0107 kilka os\u00f3b.<\/p>\n<p>Dla\u00a0obecnych\u00a0student\u00f3w studi\u00f3w magisterskich, podyplomowych i\u00a0doktoranckich oferujemy zni\u017cki. W\u00a0celu uzyskania szczeg\u00f3\u0142\u00f3w prosimy o\u00a0kontakt z\u00a0sekretariatem.<\/p>\n<p>Informujemy, \u017ce posiadamy <strong>wpis do Rejestru Instytucji Szkoleniowych w\u00a0Wojew\u00f3dzkim Urz\u0119dzie Pracy w\u00a0Warszawie o\u00a0numerze 2.14\/00354\/2013,<\/strong> w\u00a0zwi\u0105zku z\u00a0czym osoby zainteresowane wzi\u0119ciem udzia\u0142u w\u00a0Szkole MLC mog\u0105 ubiega\u0107 si\u0119 o\u00a0dofinansowanie<\/p>\n<p><strong>Ka\u017cdy spo\u015br\u00f3d wymienionych wy\u017cej wariant\u00f3w cen mo\u017cna za niewielkim oprocentowaniem podzieli\u0107 na 2 lub 4 raty.<\/strong>\u00a0 Informacje o\u00a0wariantach p\u0142atno\u015bci ratalnej mo\u017cna uzyska\u0107 kontaktuj\u0105c si\u0119 z\u00a0naszym biurem.<\/p>\n<h3>Cena kursu obejmuje:<\/h3>\n<ul>\n<li>Ca\u0142o\u015b\u0107 programu szkolenia<\/li>\n<li>Komplet materia\u0142\u00f3w szkoleniowych.<\/li>\n<li>Materia\u0142y pisemne.<\/li>\n<li>Przerwy kawowe.<\/li>\n<li><strong>Certyfikat uko\u0144czenia Studium Trenerskiego i\u00a0Dynamiki Grup MLC.<\/strong><\/li>\n<\/ul>\n<hr \/>\n<h3>Zapisy i\u00a0informacje:<\/h3>\n<p>W celu dokonania zapisu lub uzyskania dodatkowych informacji prosimy o bezpo\u015bredni kontakt z naszym biurem pod adresem: kontakt@ccinnovation.pl<\/p>\n<hr \/>\n<h4><a href=\"http:\/\/www.coaching.edu.pl\/?page_id=674\"><img loading=\"lazy\" decoding=\"async\" class=\"alignnone size-full wp-image-948\" src=\"https:\/\/econlp.home.pl\/autoinstalator\/wordpress3\/wp-content\/uploads\/2017\/08\/rozwoj-coacha-grafiki_program.png\" alt=\"\" width=\"151\" height=\"150\" srcset=\"https:\/\/coaching.edu.pl\/wp-content\/uploads\/2017\/08\/rozwoj-coacha-grafiki_program.png 151w, https:\/\/coaching.edu.pl\/wp-content\/uploads\/2017\/08\/rozwoj-coacha-grafiki_program-150x150.png 150w, https:\/\/coaching.edu.pl\/wp-content\/uploads\/2017\/08\/rozwoj-coacha-grafiki_program-100x99.png 100w\" sizes=\"auto, (max-width: 151px) 100vw, 151px\" \/><\/a><\/h4>\n<h4><a href=\"http:\/\/www.coaching.edu.pl\/?page_id=674\"><strong>PROGRAM<\/strong><\/a><\/h4>\n","protected":false},"excerpt":{"rendered":"<p>Trening Trenerski MLC to ca\u0142o\u015bciowe szkolenie przygotowuj\u0105ce do\u00a0 samodzielnego pe\u0142nienia roli profesjonalnego trenera. Uczestnicy studium otrzymuj\u0105 kompletn\u0105 wiedz\u0119 w\u00a0zakresie efektywnego projektowania, przygotowania i\u00a0prowadzenia szkole\u0144. Program obejmuje zar\u00f3wno teoretyczne podstawy pracy trenera, takie jak poszerzenie rozumienia dynamiki grupy i\u00a0procesu grupowego, jak [&hellip;]<\/p>\n","protected":false},"author":1,"featured_media":967,"parent":623,"menu_order":0,"comment_status":"closed","ping_status":"closed","template":"","meta":{"footnotes":""},"class_list":["post-672","page","type-page","status-publish","has-post-thumbnail","hentry","clearfix"],"_links":{"self":[{"href":"https:\/\/coaching.edu.pl\/index.php?rest_route=\/wp\/v2\/pages\/672","targetHints":{"allow":["GET"]}}],"collection":[{"href":"https:\/\/coaching.edu.pl\/index.php?rest_route=\/wp\/v2\/pages"}],"about":[{"href":"https:\/\/coaching.edu.pl\/index.php?rest_route=\/wp\/v2\/types\/page"}],"author":[{"embeddable":true,"href":"https:\/\/coaching.edu.pl\/index.php?rest_route=\/wp\/v2\/users\/1"}],"replies":[{"embeddable":true,"href":"https:\/\/coaching.edu.pl\/index.php?rest_route=%2Fwp%2Fv2%2Fcomments&post=672"}],"version-history":[{"count":13,"href":"https:\/\/coaching.edu.pl\/index.php?rest_route=\/wp\/v2\/pages\/672\/revisions"}],"predecessor-version":[{"id":2406,"href":"https:\/\/coaching.edu.pl\/index.php?rest_route=\/wp\/v2\/pages\/672\/revisions\/2406"}],"up":[{"embeddable":true,"href":"https:\/\/coaching.edu.pl\/index.php?rest_route=\/wp\/v2\/pages\/623"}],"wp:featuredmedia":[{"embeddable":true,"href":"https:\/\/coaching.edu.pl\/index.php?rest_route=\/wp\/v2\/media\/967"}],"wp:attachment":[{"href":"https:\/\/coaching.edu.pl\/index.php?rest_route=%2Fwp%2Fv2%2Fmedia&parent=672"}],"curies":[{"name":"wp","href":"https:\/\/api.w.org\/{rel}","templated":true}]}}