{"id":682,"date":"2017-08-01T18:10:15","date_gmt":"2017-08-01T18:10:15","guid":{"rendered":"https:\/\/econlp.home.pl\/autoinstalator\/wordpress3\/?page_id=682"},"modified":"2024-01-27T11:19:32","modified_gmt":"2024-01-27T11:19:32","slug":"terminarz-szkoly-mlc","status":"publish","type":"page","link":"https:\/\/coaching.edu.pl\/?page_id=682","title":{"rendered":"Terminarz"},"content":{"rendered":"<p>&nbsp;<\/p>\n<table>\n<tbody>\n<tr>\n<td width=\"275\"><\/td>\n<td width=\"55\"><strong>Zjazd<\/strong><\/td>\n<td width=\"205\"><strong>Termin <\/strong><\/td>\n<\/tr>\n<tr>\n<td width=\"275\">Inauguracja<\/td>\n<td width=\"55\">1<\/td>\n<td width=\"205\">11.10.2024<\/td>\n<\/tr>\n<tr>\n<td width=\"275\"><em>Trening interpersonalny<\/em><\/td>\n<td width=\"55\">1<\/td>\n<td width=\"205\">11-13.10.2024<\/td>\n<\/tr>\n<tr>\n<td width=\"275\">Warsztat:<em> Dynamika grup<\/em><\/td>\n<td width=\"55\">2<\/td>\n<td width=\"205\">26.10.2024 online<\/td>\n<\/tr>\n<tr>\n<td width=\"275\">Wyk\u0142ad: <em>Coaching zespo\u0142\u00f3w i grup \u2013 metoda, funkcje uwarunkowania<\/em><\/td>\n<td width=\"55\">2<\/td>\n<td width=\"205\">27.10.2024 online<\/td>\n<\/tr>\n<tr>\n<td width=\"275\">Warsztat:<em> Kompetencje w pracy z grupami i zespo\u0142ami<\/em><\/td>\n<td width=\"55\">3, 4<\/td>\n<td width=\"205\">\u00a016-17.11.2024<\/p>\n<p>30.11-1.12.2024<\/td>\n<\/tr>\n<tr>\n<td width=\"275\">Trening: <em>Narz\u0119dziownik trenera<\/em><\/td>\n<td width=\"55\">5, 7<\/td>\n<td width=\"205\">18-19.01.2025<\/p>\n<p>22-23.02.2025<\/td>\n<\/tr>\n<tr>\n<td width=\"275\">Seminarium: <em>Projekt coachingu i mentor-coacingu w organizacji\u00a0 &#8211; kontrakt &#8211; zasady etyczne<\/em><\/td>\n<td width=\"55\">6<\/td>\n<td width=\"205\">1-2.02.2025 online<\/td>\n<\/tr>\n<tr>\n<td width=\"275\">Warsztat:\u00a0<em>Coaching zespo\u0142u \u2013 Budowanie zespo\u0142u<\/em><\/td>\n<td width=\"55\">8<\/td>\n<td width=\"205\">15-16.03.2025<\/td>\n<\/tr>\n<tr>\n<td width=\"275\">Warsztat:<em> Coaching zespo\u0142u \u2013 Praca z konfliktem<\/em><\/td>\n<td width=\"55\">9<\/td>\n<td width=\"205\">29-30.03.2025<\/td>\n<\/tr>\n<tr>\n<td width=\"275\">Warsztat: <em>Coaching zespo\u0142u: Wspieranie w procesie zmian<\/em><\/td>\n<td width=\"55\">10<\/td>\n<td width=\"205\">12-13.04.2025<\/td>\n<\/tr>\n<tr>\n<td width=\"275\">Warsztat: <em>Projektowanie program\u00f3w i integracja<\/em><\/td>\n<td width=\"55\">11<\/td>\n<td width=\"205\">10-11.05.2025<\/td>\n<\/tr>\n<tr>\n<td width=\"275\">Trening: <em>Prowadzenie coachingu grupowego<\/em><\/td>\n<td width=\"55\">12<\/td>\n<td width=\"205\">23-25.05.2025<\/td>\n<\/tr>\n<\/tbody>\n<\/table>\n<p>&nbsp;<\/p>\n","protected":false},"excerpt":{"rendered":"<p>&nbsp; Zjazd Termin Inauguracja 1 11.10.2024 Trening interpersonalny 1 11-13.10.2024 Warsztat: Dynamika grup 2 26.10.2024 online Wyk\u0142ad: Coaching zespo\u0142\u00f3w i grup \u2013 metoda, funkcje uwarunkowania 2 27.10.2024 online Warsztat: Kompetencje w pracy z grupami i zespo\u0142ami 3, 4 \u00a016-17.11.2024 30.11-1.12.2024 [&hellip;]<\/p>\n","protected":false},"author":1,"featured_media":954,"parent":623,"menu_order":6,"comment_status":"closed","ping_status":"closed","template":"","meta":{"footnotes":""},"class_list":["post-682","page","type-page","status-publish","has-post-thumbnail","hentry","clearfix"],"_links":{"self":[{"href":"https:\/\/coaching.edu.pl\/index.php?rest_route=\/wp\/v2\/pages\/682","targetHints":{"allow":["GET"]}}],"collection":[{"href":"https:\/\/coaching.edu.pl\/index.php?rest_route=\/wp\/v2\/pages"}],"about":[{"href":"https:\/\/coaching.edu.pl\/index.php?rest_route=\/wp\/v2\/types\/page"}],"author":[{"embeddable":true,"href":"https:\/\/coaching.edu.pl\/index.php?rest_route=\/wp\/v2\/users\/1"}],"replies":[{"embeddable":true,"href":"https:\/\/coaching.edu.pl\/index.php?rest_route=%2Fwp%2Fv2%2Fcomments&post=682"}],"version-history":[{"count":23,"href":"https:\/\/coaching.edu.pl\/index.php?rest_route=\/wp\/v2\/pages\/682\/revisions"}],"predecessor-version":[{"id":2453,"href":"https:\/\/coaching.edu.pl\/index.php?rest_route=\/wp\/v2\/pages\/682\/revisions\/2453"}],"up":[{"embeddable":true,"href":"https:\/\/coaching.edu.pl\/index.php?rest_route=\/wp\/v2\/pages\/623"}],"wp:featuredmedia":[{"embeddable":true,"href":"https:\/\/coaching.edu.pl\/index.php?rest_route=\/wp\/v2\/media\/954"}],"wp:attachment":[{"href":"https:\/\/coaching.edu.pl\/index.php?rest_route=%2Fwp%2Fv2%2Fmedia&parent=682"}],"curies":[{"name":"wp","href":"https:\/\/api.w.org\/{rel}","templated":true}]}}