{"id":708,"date":"2017-08-01T18:24:11","date_gmt":"2017-08-01T18:24:11","guid":{"rendered":"https:\/\/econlp.home.pl\/autoinstalator\/wordpress3\/?page_id=708"},"modified":"2017-08-09T16:00:54","modified_gmt":"2017-08-09T16:00:54","slug":"anna-bus","status":"publish","type":"page","link":"https:\/\/coaching.edu.pl\/?page_id=708","title":{"rendered":""},"content":{"rendered":"<h3>Anna Bus<\/h3>\n<h5>Psycholog<\/h5>\n<p><em>&#8230;Poza poznawaniem i\u00a0\u0107wiczeniem nowych technik, wa\u017cnym elementem przygotowuj\u0105cym do zawodu by\u0142a mo\u017cliwo\u015b\u0107 konsultacji z\u00a0prowadz\u0105cymi r\u00f3\u017cnych w\u0105tpliwo\u015bci oraz praca w\u0142asna dotycz\u0105ca funkcjonowania w\u00a0roli zawodowej, przygl\u0105dania si\u0119 w\u0142asnym kompetencjom i\u00a0ograniczeniom, co by\u0142o mo\u017cliwe dzi\u0119ki atmosferze wsparcia ze strony prowadz\u0105cych i\u00a0te\u017c pewnej otwarto\u015bci uczestnik\u00f3w. <!--more-->W\u00a0ramach Studium Coachingowego poruszyli\u015bmy wiele aspekt\u00f3w pracy zar\u00f3wno z\u00a0klientem indywidualnym, jak i\u00a0zespo\u0142em. Po sko\u0144czeniu wysz\u0142am z\u00a0konkretnymi umiej\u0119tno\u015bciami prowadzenia i\u00a0rozumienia procesu oraz \u015bwiadomo\u015bci\u0105 w\u0142asnych kompetencji&#8230;<\/em><\/p>\n<h6><\/h6>\n","protected":false},"excerpt":{"rendered":"<p>Anna Bus Psycholog &#8230;Poza poznawaniem i\u00a0\u0107wiczeniem nowych technik, wa\u017cnym elementem przygotowuj\u0105cym do zawodu by\u0142a mo\u017cliwo\u015b\u0107 konsultacji z\u00a0prowadz\u0105cymi r\u00f3\u017cnych w\u0105tpliwo\u015bci oraz praca w\u0142asna dotycz\u0105ca funkcjonowania w\u00a0roli zawodowej, przygl\u0105dania si\u0119 w\u0142asnym kompetencjom i\u00a0ograniczeniom, co by\u0142o mo\u017cliwe dzi\u0119ki atmosferze wsparcia ze strony prowadz\u0105cych [&hellip;]<\/p>\n","protected":false},"author":1,"featured_media":0,"parent":827,"menu_order":3,"comment_status":"closed","ping_status":"closed","template":"page-templates\/single-testimonial.php","meta":{"footnotes":""},"class_list":["post-708","page","type-page","status-publish","hentry","clearfix"],"_links":{"self":[{"href":"https:\/\/coaching.edu.pl\/index.php?rest_route=\/wp\/v2\/pages\/708","targetHints":{"allow":["GET"]}}],"collection":[{"href":"https:\/\/coaching.edu.pl\/index.php?rest_route=\/wp\/v2\/pages"}],"about":[{"href":"https:\/\/coaching.edu.pl\/index.php?rest_route=\/wp\/v2\/types\/page"}],"author":[{"embeddable":true,"href":"https:\/\/coaching.edu.pl\/index.php?rest_route=\/wp\/v2\/users\/1"}],"replies":[{"embeddable":true,"href":"https:\/\/coaching.edu.pl\/index.php?rest_route=%2Fwp%2Fv2%2Fcomments&post=708"}],"version-history":[{"count":6,"href":"https:\/\/coaching.edu.pl\/index.php?rest_route=\/wp\/v2\/pages\/708\/revisions"}],"predecessor-version":[{"id":1092,"href":"https:\/\/coaching.edu.pl\/index.php?rest_route=\/wp\/v2\/pages\/708\/revisions\/1092"}],"up":[{"embeddable":true,"href":"https:\/\/coaching.edu.pl\/index.php?rest_route=\/wp\/v2\/pages\/827"}],"wp:attachment":[{"href":"https:\/\/coaching.edu.pl\/index.php?rest_route=%2Fwp%2Fv2%2Fmedia&parent=708"}],"curies":[{"name":"wp","href":"https:\/\/api.w.org\/{rel}","templated":true}]}}