{"id":759,"date":"2017-08-01T18:47:28","date_gmt":"2017-08-01T18:47:28","guid":{"rendered":"https:\/\/econlp.home.pl\/autoinstalator\/wordpress3\/?page_id=759"},"modified":"2017-08-09T16:03:13","modified_gmt":"2017-08-09T16:03:13","slug":"anna-jaskiewicz-baumann","status":"publish","type":"page","link":"https:\/\/coaching.edu.pl\/?page_id=759","title":{"rendered":""},"content":{"rendered":"<h3>Anna Ja\u015bkiewicz-Baumann<\/h3>\n<h5>Nauczyciel w\u00a0szkole ponadgimnazjalnej<\/h5>\n<p><em>Zaj\u0119cia dostarczy\u0142y mi du\u017cej dawki wiedzy i\u00a0u\u017cytecznych narz\u0119dzi do jego prowadzenia. Dotar\u0142o do mnie wiele informacji, kt\u00f3re teraz uznaj\u0119 za oczywiste, przed warsztatami ich jednak nie dostrzega\u0142am. Dzi\u0119ki warsztatom uporz\u0105dkowa\u0142am tak\u017ce i\u00a0zebra\u0142am moj\u0105 wiedz\u0119 w\u00a0ca\u0142o\u015b\u0107. <\/em><!--more--><\/p>\n<p><em>(\u2026) Warsztaty odby\u0142y si\u0119 w\u00a0mi\u0142ej i\u00a0tw\u00f3rczej atmosferze. Uczestnictwo na zaj\u0119ciach Studium Coachingu daje mi mo\u017cliwo\u015b\u0107 uzyskania obszernej wiedzy, jak r\u00f3wnie\u017c konkretnych, praktycznych umiej\u0119tno\u015bci potrzebnych do prowadzenia coachingu. Zaj\u0119cia prowadz\u0105 trenerzy z\u00a0du\u017cym do\u015bwiadczeniem zawodowym i\u00a0wspania\u0142ym podej\u015bciem do uczestnik\u00f3w Studium. Bardzo wa\u017cna jest tak\u017ce prowadzona w\u00a0ramach Studium superwizja, kt\u00f3ra umo\u017cliwia om\u00f3wienie tego, co dzieje si\u0119 w\u00a0relacji z\u00a0klientem podczas coachingu\u2026<\/em><\/p>\n<h6><\/h6>\n","protected":false},"excerpt":{"rendered":"<p>Anna Ja\u015bkiewicz-Baumann Nauczyciel w\u00a0szkole ponadgimnazjalnej Zaj\u0119cia dostarczy\u0142y mi du\u017cej dawki wiedzy i\u00a0u\u017cytecznych narz\u0119dzi do jego prowadzenia. Dotar\u0142o do mnie wiele informacji, kt\u00f3re teraz uznaj\u0119 za oczywiste, przed warsztatami ich jednak nie dostrzega\u0142am. Dzi\u0119ki warsztatom uporz\u0105dkowa\u0142am tak\u017ce i\u00a0zebra\u0142am moj\u0105 wiedz\u0119 w\u00a0ca\u0142o\u015b\u0107.<\/p>\n","protected":false},"author":1,"featured_media":0,"parent":827,"menu_order":10,"comment_status":"closed","ping_status":"closed","template":"page-templates\/single-testimonial.php","meta":{"footnotes":""},"class_list":["post-759","page","type-page","status-publish","hentry","clearfix"],"_links":{"self":[{"href":"https:\/\/coaching.edu.pl\/index.php?rest_route=\/wp\/v2\/pages\/759","targetHints":{"allow":["GET"]}}],"collection":[{"href":"https:\/\/coaching.edu.pl\/index.php?rest_route=\/wp\/v2\/pages"}],"about":[{"href":"https:\/\/coaching.edu.pl\/index.php?rest_route=\/wp\/v2\/types\/page"}],"author":[{"embeddable":true,"href":"https:\/\/coaching.edu.pl\/index.php?rest_route=\/wp\/v2\/users\/1"}],"replies":[{"embeddable":true,"href":"https:\/\/coaching.edu.pl\/index.php?rest_route=%2Fwp%2Fv2%2Fcomments&post=759"}],"version-history":[{"count":2,"href":"https:\/\/coaching.edu.pl\/index.php?rest_route=\/wp\/v2\/pages\/759\/revisions"}],"predecessor-version":[{"id":1097,"href":"https:\/\/coaching.edu.pl\/index.php?rest_route=\/wp\/v2\/pages\/759\/revisions\/1097"}],"up":[{"embeddable":true,"href":"https:\/\/coaching.edu.pl\/index.php?rest_route=\/wp\/v2\/pages\/827"}],"wp:attachment":[{"href":"https:\/\/coaching.edu.pl\/index.php?rest_route=%2Fwp%2Fv2%2Fmedia&parent=759"}],"curies":[{"name":"wp","href":"https:\/\/api.w.org\/{rel}","templated":true}]}}