{"id":827,"date":"2017-08-08T11:02:07","date_gmt":"2017-08-08T11:02:07","guid":{"rendered":"https:\/\/econlp.home.pl\/autoinstalator\/wordpress3\/?page_id=827"},"modified":"2017-08-08T11:04:06","modified_gmt":"2017-08-08T11:04:06","slug":"opinie-i-rekomendacje","status":"publish","type":"page","link":"https:\/\/coaching.edu.pl\/?page_id=827","title":{"rendered":"Opinie i rekomendacje"},"content":{"rendered":"<div id=\"pl-827\"  class=\"panel-layout\" ><div id=\"pg-827-0\"  class=\"panel-grid panel-no-style\" ><div id=\"pgc-827-0-0\"  class=\"panel-grid-cell\" ><div id=\"panel-827-0-0-0\" class=\"so-panel widget widget_atframework_testimonials atframework_testimonials_widget panel-first-child panel-last-child\" data-index=\"0\" >\t\t\t\r\n\t\t\t\t<div class=\"testimonial-area clearfix\">\r\n\t\t\t\t\t\t\t\t\t\t\t<div class=\"testimonial astrid-3col\">\r\n\t\t\t\t\t\t\t<div class=\"testimonial-content\">\r\n\t\t\t\t\t\t\t\t<h3>Andrzej Soko\u0142ow<\/h3>\n<h5>Certyfikowany coach MLC za\u0142o\u017cyciel Centrum Coachingu i\u00a0Rozwoju Osobistego <a href=\"http:\/\/progresjo.pl\/\">\u201ePROGRESJO\u201d<\/a>\u00a0 | Terapeuta ds. uzale\u017cnie\u0144<\/h5>\n<p><em>Po kilkumiesi\u0119cznym testowaniu swoich kompetencji nabytych w\u00a0trakcie nauki\u00a0 w\u00a0Studium Coachingu MLC stwierdzam, i\u017c to nie znajomo\u015b\u0107 technik i\u00a0metod coachingowych podnios\u0142a moje umiej\u0119tno\u015bci zawodowe lecz mo\u017cliwo\u015b\u0107 ich weryfikowania bezpo\u015brednio na sobie.  <a href=\"https:\/\/coaching.edu.pl\/?page_id=696#more-696\" class=\"more-link\"><span aria-label=\"Czytaj dalej \">(wi\u0119cej&hellip;)<\/span><\/a><\/em><\/p>\n\t\t\t\t\t\t\t<\/div>\t\t\t\r\n\t\t\t\t\t\t\t<svg xmlns=\"http:\/\/www.w3.org\/2000\/svg\" version=\"1.1\" width=\"40\" height=\"20\">\r\n\t\t\t\t\t\t\t\t<g transform=\"translate(0,-1032.3622)\">\r\n\t\t\t\t\t\t\t\t\t<path d=\"M 0,0 20,20 40,0\" transform=\"translate(0,1032.3622)\"\/>\r\n\t\t\t\t\t\t\t\t<\/g>\r\n\t\t\t\t\t\t\t<\/svg>\r\n\t\t\t\t\t\t\t\t\t\t\t\t\t\t<h3 class=\"testimonial-title\"><a href=\"https:\/\/coaching.edu.pl\/?page_id=696\"><\/a><\/h3>\r\n\t\t\t\t\t\t<\/div>\r\n\t\t\t\t\t\t\t\t\t\t\t<div class=\"testimonial astrid-3col\">\r\n\t\t\t\t\t\t\t<div class=\"testimonial-content\">\r\n\t\t\t\t\t\t\t\t<h3>Joanna Zi\u0119tara<\/h3>\n<h4>Trener i doradca, w\u0142asna dzia\u0142alno\u015b\u0107<\/h4>\n<p><em>Zaj\u0119cia i program by\u0142y przygotowane w taki spos\u00f3b, \u017ce czuj\u0119 si\u0119 w pe\u0142ni przygotowana merytorycznie &#8211; oraz wewn\u0119trznie do wykonywania zawodu coacha. R\u00f3\u017cnorodno\u015b\u0107 technik, ale i prowadz\u0105cych, a tak\u017ce przeprowadzenie nas przez pe\u0142ny proces coachingowy, pozwoli\u0142o na szerokie i ca\u0142o\u015bciowe poznanie tematu.<\/em><\/p>\n<p><em> <a href=\"https:\/\/coaching.edu.pl\/?page_id=1943#more-1943\" class=\"more-link\"><span aria-label=\"Czytaj dalej \">(wi\u0119cej&hellip;)<\/span><\/a><\/em><\/p>\n\t\t\t\t\t\t\t<\/div>\t\t\t\r\n\t\t\t\t\t\t\t<svg xmlns=\"http:\/\/www.w3.org\/2000\/svg\" version=\"1.1\" width=\"40\" height=\"20\">\r\n\t\t\t\t\t\t\t\t<g transform=\"translate(0,-1032.3622)\">\r\n\t\t\t\t\t\t\t\t\t<path d=\"M 0,0 20,20 40,0\" transform=\"translate(0,1032.3622)\"\/>\r\n\t\t\t\t\t\t\t\t<\/g>\r\n\t\t\t\t\t\t\t<\/svg>\r\n\t\t\t\t\t\t\t\t\t\t\t\t\t\t<h3 class=\"testimonial-title\"><a href=\"https:\/\/coaching.edu.pl\/?page_id=1943\"><\/a><\/h3>\r\n\t\t\t\t\t\t<\/div>\r\n\t\t\t\t\t\t\t\t\t\t\t<div class=\"testimonial astrid-3col\">\r\n\t\t\t\t\t\t\t<div class=\"testimonial-content\">\r\n\t\t\t\t\t\t\t\t<h3>Monika Kurpiewska<\/h3>\n<h5>Marketing &amp; Communication Manager w ISS Facility Services<\/h5>\n<p>Studium Coachingu tworzy zesp\u00f3\u0142 profesjonalist\u00f3w i pasjonat\u00f3w zawodu, kt\u00f3rzy w przyst\u0119pny i inspiruj\u0105cy spos\u00f3b przekazuj\u0105 wiedz\u0119 na temat technik i procesu coachingowego. O unikatowym charakterze prowadz\u0105cych \u015bwiadczy ich doskona\u0142e przygotowanie merytoryczne i wiedza psychologiczna, w po\u0142\u0105czeniu z do\u015bwiadczeniem w biznesie.<\/p>\n<p><em> <a href=\"https:\/\/coaching.edu.pl\/?page_id=1947#more-1947\" class=\"more-link\"><span aria-label=\"Czytaj dalej \">(wi\u0119cej&hellip;)<\/span><\/a><\/em><\/p>\n\t\t\t\t\t\t\t<\/div>\t\t\t\r\n\t\t\t\t\t\t\t<svg xmlns=\"http:\/\/www.w3.org\/2000\/svg\" version=\"1.1\" width=\"40\" height=\"20\">\r\n\t\t\t\t\t\t\t\t<g transform=\"translate(0,-1032.3622)\">\r\n\t\t\t\t\t\t\t\t\t<path d=\"M 0,0 20,20 40,0\" transform=\"translate(0,1032.3622)\"\/>\r\n\t\t\t\t\t\t\t\t<\/g>\r\n\t\t\t\t\t\t\t<\/svg>\r\n\t\t\t\t\t\t\t\t\t\t\t\t\t\t<h3 class=\"testimonial-title\"><a href=\"https:\/\/coaching.edu.pl\/?page_id=1947\"><\/a><\/h3>\r\n\t\t\t\t\t\t<\/div>\r\n\t\t\t\t\t\t\t\t\t\t\t<div class=\"testimonial astrid-3col\">\r\n\t\t\t\t\t\t\t<div class=\"testimonial-content\">\r\n\t\t\t\t\t\t\t\t<h3>Dorota Warakomska<\/h3>\n<h5>Dziennikarka, Trenerka, Doradczyni, Coach&#8217;ka i Mentorka<\/h5>\n<p><em>Multi Level Coaching, czyli coaching wielopoziomowy, fascynuje mnie. Bo pomaga rozwija\u0107 si\u0119, zwi\u0119ksza\u0107 efektywno\u015b\u0107, osi\u0105ga\u0107 cele. Pobudza do my\u015blenia.<\/em><br \/>\n<em>Udzia\u0142 w Studium Coachingu Wielopoziomowego MLC by\u0142 jedn\u0105 z moich najlepszych decyzji rozwojowych. Jestem dziennikark\u0105, trenerk\u0105, doradczyni\u0105 i aktywistk\u0105<\/em><br \/>\n<em>spo\u0142eczn\u0105. Teraz tak\u017ce coach\u2019em (coach\u2019k\u0105, coach\u2019yni\u0105?).<\/em><\/p>\n<p><em> <a href=\"https:\/\/coaching.edu.pl\/?page_id=703#more-703\" class=\"more-link\"><span aria-label=\"Czytaj dalej \">(wi\u0119cej&hellip;)<\/span><\/a><\/em><\/p>\n\t\t\t\t\t\t\t<\/div>\t\t\t\r\n\t\t\t\t\t\t\t<svg xmlns=\"http:\/\/www.w3.org\/2000\/svg\" version=\"1.1\" width=\"40\" height=\"20\">\r\n\t\t\t\t\t\t\t\t<g transform=\"translate(0,-1032.3622)\">\r\n\t\t\t\t\t\t\t\t\t<path d=\"M 0,0 20,20 40,0\" transform=\"translate(0,1032.3622)\"\/>\r\n\t\t\t\t\t\t\t\t<\/g>\r\n\t\t\t\t\t\t\t<\/svg>\r\n\t\t\t\t\t\t\t\t\t\t\t\t\t\t<h3 class=\"testimonial-title\"><a href=\"https:\/\/coaching.edu.pl\/?page_id=703\"><\/a><\/h3>\r\n\t\t\t\t\t\t<\/div>\r\n\t\t\t\t\t\t\t\t\t\t\t<div class=\"testimonial astrid-3col\">\r\n\t\t\t\t\t\t\t<div class=\"testimonial-content\">\r\n\t\t\t\t\t\t\t\t<h3>Anna Bus<\/h3>\n<h5>Psycholog<\/h5>\n<p><em>&#8230;Poza poznawaniem i\u00a0\u0107wiczeniem nowych technik, wa\u017cnym elementem przygotowuj\u0105cym do zawodu by\u0142a mo\u017cliwo\u015b\u0107 konsultacji z\u00a0prowadz\u0105cymi r\u00f3\u017cnych w\u0105tpliwo\u015bci oraz praca w\u0142asna dotycz\u0105ca funkcjonowania w\u00a0roli zawodowej, przygl\u0105dania si\u0119 w\u0142asnym kompetencjom i\u00a0ograniczeniom, co by\u0142o mo\u017cliwe dzi\u0119ki atmosferze wsparcia ze strony prowadz\u0105cych i\u00a0te\u017c pewnej otwarto\u015bci uczestnik\u00f3w.  <a href=\"https:\/\/coaching.edu.pl\/?page_id=708#more-708\" class=\"more-link\"><span aria-label=\"Czytaj dalej \">(wi\u0119cej&hellip;)<\/span><\/a><\/em><\/p>\n\t\t\t\t\t\t\t<\/div>\t\t\t\r\n\t\t\t\t\t\t\t<svg xmlns=\"http:\/\/www.w3.org\/2000\/svg\" version=\"1.1\" width=\"40\" height=\"20\">\r\n\t\t\t\t\t\t\t\t<g transform=\"translate(0,-1032.3622)\">\r\n\t\t\t\t\t\t\t\t\t<path d=\"M 0,0 20,20 40,0\" transform=\"translate(0,1032.3622)\"\/>\r\n\t\t\t\t\t\t\t\t<\/g>\r\n\t\t\t\t\t\t\t<\/svg>\r\n\t\t\t\t\t\t\t\t\t\t\t\t\t\t<h3 class=\"testimonial-title\"><a href=\"https:\/\/coaching.edu.pl\/?page_id=708\"><\/a><\/h3>\r\n\t\t\t\t\t\t<\/div>\r\n\t\t\t\t\t\t\t\t\t\t\t<div class=\"testimonial astrid-3col\">\r\n\t\t\t\t\t\t\t<div class=\"testimonial-content\">\r\n\t\t\t\t\t\t\t\t<h3>Ma\u0142gorzata Rokicka<\/h3>\n<h5><b>COACH &amp; TRENER Inteligencji Emocjonalnej <\/b><b>ZOOPSYCHOLOG, BEHAWIORYSTA, Biolog<\/b><\/h5>\n<h5><b>W\u0142a\u015bcicielka firmy TO INSPIRE<\/b><\/h5>\n<p><em>Nauka w\u00a0szkole CC Innovation to jedna ze wspanialszych rzeczy, jakie mi si\u0119 w\u00a0\u017cyciu przytrafi\u0142y! Mia\u0142am przyjemno\u015b\u0107 uczestniczy\u0107 w\u00a0Studium Coachingu MLC. Wybra\u0142am te studia w\u0142a\u015bnie ze wzgl\u0119du na wielopoziomowe podej\u015bcie do coachingu. <\/em> <a href=\"https:\/\/coaching.edu.pl\/?page_id=713#more-713\" class=\"more-link\"><span aria-label=\"Czytaj dalej \">(wi\u0119cej&hellip;)<\/span><\/a><\/p>\n\t\t\t\t\t\t\t<\/div>\t\t\t\r\n\t\t\t\t\t\t\t<svg xmlns=\"http:\/\/www.w3.org\/2000\/svg\" version=\"1.1\" width=\"40\" height=\"20\">\r\n\t\t\t\t\t\t\t\t<g transform=\"translate(0,-1032.3622)\">\r\n\t\t\t\t\t\t\t\t\t<path d=\"M 0,0 20,20 40,0\" transform=\"translate(0,1032.3622)\"\/>\r\n\t\t\t\t\t\t\t\t<\/g>\r\n\t\t\t\t\t\t\t<\/svg>\r\n\t\t\t\t\t\t\t\t\t\t\t\t\t\t<h3 class=\"testimonial-title\"><a href=\"https:\/\/coaching.edu.pl\/?page_id=713\"><\/a><\/h3>\r\n\t\t\t\t\t\t<\/div>\r\n\t\t\t\t\t\t\t\t\t\t\t<div class=\"testimonial astrid-3col\">\r\n\t\t\t\t\t\t\t<div class=\"testimonial-content\">\r\n\t\t\t\t\t\t\t\t<h3>Emilia Boncza-Szablowska<\/h3>\n<h5>Trenerka<\/h5>\n<p><em>W\u00a0ramach Studium dostarczany jest szereg praktycznych narz\u0119dzi coachingowych, kt\u00f3re mo\u017cna z\u00a0powodzeniem stosowa\u0107 w\u00a0\u017cyciu zawodowym i\u00a0prywatnym. <\/em><em>Nie ogranicza si\u0119 przy tym jedynie do pracy z\u00a0zachowaniami. <\/em> <a href=\"https:\/\/coaching.edu.pl\/?page_id=717#more-717\" class=\"more-link\"><span aria-label=\"Czytaj dalej \">(wi\u0119cej&hellip;)<\/span><\/a><\/p>\n\t\t\t\t\t\t\t<\/div>\t\t\t\r\n\t\t\t\t\t\t\t<svg xmlns=\"http:\/\/www.w3.org\/2000\/svg\" version=\"1.1\" width=\"40\" height=\"20\">\r\n\t\t\t\t\t\t\t\t<g transform=\"translate(0,-1032.3622)\">\r\n\t\t\t\t\t\t\t\t\t<path d=\"M 0,0 20,20 40,0\" transform=\"translate(0,1032.3622)\"\/>\r\n\t\t\t\t\t\t\t\t<\/g>\r\n\t\t\t\t\t\t\t<\/svg>\r\n\t\t\t\t\t\t\t\t\t\t\t\t\t\t<h3 class=\"testimonial-title\"><a href=\"https:\/\/coaching.edu.pl\/?page_id=717\"><\/a><\/h3>\r\n\t\t\t\t\t\t<\/div>\r\n\t\t\t\t\t\t\t\t\t\t\t<div class=\"testimonial astrid-3col\">\r\n\t\t\t\t\t\t\t<div class=\"testimonial-content\">\r\n\t\t\t\t\t\t\t\t<h3>Anna Ja\u015bkiewicz-Baumann<\/h3>\n<h5>Nauczyciel w\u00a0szkole ponadgimnazjalnej<\/h5>\n<p><em>Zaj\u0119cia dostarczy\u0142y mi du\u017cej dawki wiedzy i\u00a0u\u017cytecznych narz\u0119dzi do jego prowadzenia. Dotar\u0142o do mnie wiele informacji, kt\u00f3re teraz uznaj\u0119 za oczywiste, przed warsztatami ich jednak nie dostrzega\u0142am. Dzi\u0119ki warsztatom uporz\u0105dkowa\u0142am tak\u017ce i\u00a0zebra\u0142am moj\u0105 wiedz\u0119 w\u00a0ca\u0142o\u015b\u0107. <\/em> <a href=\"https:\/\/coaching.edu.pl\/?page_id=759#more-759\" class=\"more-link\"><span aria-label=\"Czytaj dalej \">(wi\u0119cej&hellip;)<\/span><\/a><\/p>\n\t\t\t\t\t\t\t<\/div>\t\t\t\r\n\t\t\t\t\t\t\t<svg xmlns=\"http:\/\/www.w3.org\/2000\/svg\" version=\"1.1\" width=\"40\" height=\"20\">\r\n\t\t\t\t\t\t\t\t<g transform=\"translate(0,-1032.3622)\">\r\n\t\t\t\t\t\t\t\t\t<path d=\"M 0,0 20,20 40,0\" transform=\"translate(0,1032.3622)\"\/>\r\n\t\t\t\t\t\t\t\t<\/g>\r\n\t\t\t\t\t\t\t<\/svg>\r\n\t\t\t\t\t\t\t\t\t\t\t\t\t\t<h3 class=\"testimonial-title\"><a href=\"https:\/\/coaching.edu.pl\/?page_id=759\"><\/a><\/h3>\r\n\t\t\t\t\t\t<\/div>\r\n\t\t\t\t\t\t\t\t\t<\/div>\r\n\r\n\t\t\t\t\t\t\t\t\r\n\t<\/div><\/div><\/div><\/div>","protected":false},"excerpt":{"rendered":"<p>Po kilkumiesi\u0119cznym testowaniu swoich kompetencji nabytych w\u00a0trakcie nauki\u00a0 w\u00a0Studium Coachingu MLC stwierdzam, i\u017c to nie znajomo\u015b\u0107 technik i\u00a0metod coachingowych podnios\u0142a moje umiej\u0119tno\u015bci zawodowe lecz mo\u017cliwo\u015b\u0107 ich weryfikowania bezpo\u015brednio na sobie. (wi\u0119cej&hellip;) Andrzej Soko\u0142ow Z\u00a0przyjemno\u015bci\u0105 rekomenduj\u0119 udzia\u0142 w\u00a0Studium Coachingu MLC, kierowanym [&hellip;]<\/p>\n","protected":false},"author":1,"featured_media":0,"parent":621,"menu_order":3,"comment_status":"closed","ping_status":"closed","template":"page-templates\/page_fullwidth.php","meta":{"footnotes":""},"class_list":["post-827","page","type-page","status-publish","hentry","clearfix"],"_links":{"self":[{"href":"https:\/\/coaching.edu.pl\/index.php?rest_route=\/wp\/v2\/pages\/827","targetHints":{"allow":["GET"]}}],"collection":[{"href":"https:\/\/coaching.edu.pl\/index.php?rest_route=\/wp\/v2\/pages"}],"about":[{"href":"https:\/\/coaching.edu.pl\/index.php?rest_route=\/wp\/v2\/types\/page"}],"author":[{"embeddable":true,"href":"https:\/\/coaching.edu.pl\/index.php?rest_route=\/wp\/v2\/users\/1"}],"replies":[{"embeddable":true,"href":"https:\/\/coaching.edu.pl\/index.php?rest_route=%2Fwp%2Fv2%2Fcomments&post=827"}],"version-history":[{"count":3,"href":"https:\/\/coaching.edu.pl\/index.php?rest_route=\/wp\/v2\/pages\/827\/revisions"}],"predecessor-version":[{"id":831,"href":"https:\/\/coaching.edu.pl\/index.php?rest_route=\/wp\/v2\/pages\/827\/revisions\/831"}],"up":[{"embeddable":true,"href":"https:\/\/coaching.edu.pl\/index.php?rest_route=\/wp\/v2\/pages\/621"}],"wp:attachment":[{"href":"https:\/\/coaching.edu.pl\/index.php?rest_route=%2Fwp%2Fv2%2Fmedia&parent=827"}],"curies":[{"name":"wp","href":"https:\/\/api.w.org\/{rel}","templated":true}]}}